{"id":14,"date":"2011-12-12T07:30:20","date_gmt":"2011-12-12T07:30:20","guid":{"rendered":"http:\/\/localhost\/wordpress\/?p=14"},"modified":"2011-12-12T07:30:20","modified_gmt":"2011-12-12T07:30:20","slug":"raziskave-o-korupciji","status":"publish","type":"page","link":"https:\/\/www.dossierkorupcija.com\/wiki\/?page_id=14","title":{"rendered":"Raziskave o korupciji"},"content":{"rendered":"<p><span lang=\"SL\">O korupciji je bilo narejenih precej raziskav, tako tujih kot doma\u010dih. V tej temi se bomo osredoto\u010dili predvsem na raziskave o korupciji v Sloveniji, omenili bomo pa \u0161e bistvene mednarodne raziskave. Dober vir informacij o raziskavah o korupciji je spletna stran Komisije za prepre\u010devanje korupcije. <\/span><\/p>\n<p>\u00a0<\/p>\n<div style=\"text-align: left;\" align=\"center\">\n<hr width=\"100%\" size=\"2\" \/><strong><span lang=\"SL\">Doma\u010de raziskave:<\/span><\/strong><\/div>\n<p><span lang=\"SL\">Stali\u0161\u010da do korupcije: <\/span><\/p>\n<p><a href=\"https:\/\/www.kpk-rs.si\/download\/t_datoteke\/1751\">2009<\/a> <a href=\"https:\/\/www.kpk-rs.si\/download\/t_datoteke\/1750\">2008<\/a> <a href=\"https:\/\/www.kpk-rs.si\/download\/t_datoteke\/1749\">2007 <\/a><\/p>\n<p><span lang=\"SL\"><a href=\"https:\/\/www.kpk-rs.si\/download\/t_datoteke\/1748\" title=\"\">2006<\/a> <a href=\"https:\/\/www.kpk-rs.si\/download\/t_datoteke\/1747\" title=\"\">2005<\/a> <a href=\"https:\/\/www.kpk-rs.si\/download\/t_datoteke\/1746\" title=\"\">2004<\/a> <a href=\"https:\/\/www.kpk-rs.si\/download\/t_datoteke\/1745\" title=\"\">2003<\/a> <a href=\"https:\/\/www.kpk-rs.si\/download\/t_datoteke\/1744\" title=\"\">2002<\/a> <\/span><\/p>\n<p>\u00a0<\/p>\n<div align=\"center\">\n<hr width=\"100%\" size=\"2\" \/><\/div>\n<p>Raziskava o gospodarskem in poslovnem okolju, poslovni etiki in neuradnih pla\u010dilih na Slovenskem<\/p>\n<p><a href=\"https:\/\/www.kpk-rs.si\/download\/t_datoteke\/1755\">2009<\/a> <a href=\"https:\/\/www.kpk-rs.si\/download\/t_datoteke\/1754\">2006<\/a> <a href=\"https:\/\/www.kpk-rs.si\/download\/t_datoteke\/1753\">2004<\/a><\/p>\n<p><a href=\"https:\/\/www.kpk-rs.si\/download\/t_datoteke\/1752\" title=\"\">2002<\/a><\/p>\n<p>\u00a0<\/p>\n<div align=\"center\">\n<hr width=\"100%\" size=\"2\" \/><\/div>\n<p><span lang=\"SL\"><a href=\"..\/Datoteke\/Gral_Iteo_korupcijska_klima_2004.pdf\" title=\"\">Korupcijska klima v srednje in vzhodnoevropskih dr\u017eavah (leto 2004)<\/a><\/span><\/p>\n<p><span lang=\"SL\"><a href=\"..\/Datoteke\/Gral_Iteo_korupcijska_klima_2001.pdf\" title=\"\">Korupcijska klima v srednje in vzhodnoevropskih dr\u017eavah (leto 2001)<\/a><\/span><\/p>\n<p><span lang=\"SL\"><br \/><\/span><\/p>\n<hr \/>\n<p>Leta 2008 je Komisija za prepre\u010devanje korupcije Republike Slovenije izvedla raziskavo o korupciji med slovenskimi novinarji.<\/p>\n<p><a href=\"https:\/\/www.kpk-rs.si\/download\/t_datoteke\/1756\" title=\"\">Pojav korupcije med novinarji (2008)<\/a><\/p>\n<p>\u00a0<\/p>\n<div style=\"text-align: left;\" align=\"center\">\n<hr width=\"100%\" size=\"2\" \/><\/div>\n<div style=\"text-align: left;\" align=\"center\"><strong><span lang=\"SL\">Tuje raziskave:<\/span><\/strong><\/div>\n<div style=\"text-align: left;\" align=\"center\"><span lang=\"SL\"><br \/><\/span><\/div>\n<div style=\"text-align: left;\" align=\"center\"><span lang=\"SL\">Pri tujih raziskavah se bomo osredoto\u010dili predvsem na mednarodne raziskave, ki v raziskavo vklju\u010dujejo tudi Slovenijo. Na tem mestu opozarjamo, da je ena najbolj znanih raziskav Indeks zaznave korupcije, ki ga bomo v tem delu omenili prvega. Slovenija je v merjenje indeksa vstopila leta 1999, sami smo podali pa vse meritve indekse, le da smo tiste, kjer ni Slovenije (od leta 1998 naprej) razlo\u010dili v novi vrstici. <\/span><\/div>\n<div style=\"text-align: left;\" align=\"center\"><span lang=\"SL\"><br \/><\/span><\/div>\n<p>\u00a0<\/p>\n<p><span lang=\"SL\">Indeks zaznave korupcije:<\/span><\/p>\n<p><span lang=\"SL\"><a href=\"https:\/\/cpi.transparency.org\/cpi2011\/\">2011<\/a> <a href=\"https:\/\/www.transparency.org\/policy_research\/surveys_indices\/cpi\/2010\">2010<\/a> <a href=\"https:\/\/www.transparency.org\/policy_research\/surveys_indices\/cpi\/2009\">2009<\/a> <a href=\"https:\/\/www.transparency.org\/policy_research\/surveys_indices\/cpi\/2008\">2008<\/a> <a href=\"https:\/\/www.transparency.org\/policy_research\/surveys_indices\/cpi\/2007\">2007<\/a><br \/><\/span><\/p>\n<p><span lang=\"SL\"><a href=\"https:\/\/www.transparency.org\/policy_research\/surveys_indices\/cpi\/2006\" title=\"\">2006<\/a> <a href=\"https:\/\/www.transparency.org\/policy_research\/surveys_indices\/cpi\/2005\" title=\"\">2005<\/a> <a href=\"https:\/\/www.transparency.org\/policy_research\/surveys_indices\/cpi\/2004\" title=\"\">2004<\/a> <a href=\"https:\/\/www.transparency.org\/policy_research\/surveys_indices\/cpi\/2003\" title=\"\">2003<\/a> <a href=\"https:\/\/www.transparency.org\/policy_research\/surveys_indices\/cpi\/2002\" title=\"\">2002<\/a> <a href=\"https:\/\/www.transparency.org\/policy_research\/surveys_indices\/cpi\/2001\" title=\"\">2001<\/a> <a href=\"https:\/\/www.transparency.org\/policy_research\/surveys_indices\/cpi\/previous_cpi__1\/2000\" title=\"\">2000<\/a> <a href=\"https:\/\/www.transparency.org\/policy_research\/surveys_indices\/cpi\/previous_cpi__1\/1999\" title=\"\">1999<\/a> <\/span><\/p>\n<p><span lang=\"SL\"><a href=\"https:\/\/www.transparency.org\/policy_research\/surveys_indices\/cpi\/previous_cpi__1\/1998\" title=\"\">1998<\/a> <a href=\"https:\/\/www.transparency.org\/content\/download\/2913\/18025\/file\/cpi1997.pdf\" title=\"\">1997<\/a> <a href=\"https:\/\/www.transparency.org\/content\/download\/2914\/18028\/file\/cpi1996.pdf\" title=\"\">1996<\/a> <a href=\"https:\/\/www.transparency.org\/content\/download\/2915\/18031\/file\/cpi1995.pdf\" title=\"\">1995<\/a> <\/span><\/p>\n<p>\u00a0<\/p>\n<div align=\"center\">\n<hr width=\"100%\" size=\"2\" \/><\/div>\n<p><span lang=\"SL\">Transparency International je aktivna tudi pri drugi raziskavi, Bribe Payers Index, to je Indeks dajalcev podkupnin. Indeks dajalcev podkupnin dopolnjuje Indeks zaznave korupcije, to pa zato, ker se indeks zaznave korupcije ukvarja predvsem z jemalci podkupnin, medtem ko se indeks dajalcev podkupnin ukvarja, kot \u017ee samo ime pove, z dajalci podkupnin. Ta indeks je Transparency International objavila v letih 1999 in 2002 in nazadnje leta 2006. Dodatno: Transparency International je izvedla \u0161e dve BPI (Bripe Payers Index) raziskavi. In sicer leta 2008 in 2011.<\/span> Raziskavi dodajamo k seznamu povezav.<\/p>\n<p><span lang=\"SL\">Indeks dajalcev podkupnin:<\/span><\/p>\n<p><span lang=\"SL\"><a href=\"https:\/\/bpi.transparency.org\/\">2011<\/a> <a href=\"https:\/\/www.transparency.org\/policy_research\/surveys_indices\/bpi\/bpi_2008\">2008<\/a><br \/><\/span><\/p>\n<p><span lang=\"SL\"><a href=\"https:\/\/www.transparency.org\/news_room\/latest_news\/press_releases\/2006\/en_2006_10_04_bpi_2006\" title=\"\">2006<\/a> <a href=\"https:\/\/www.transparency.org\/content\/download\/2863\/17759\/file\/bpi2002.en.pdf\" title=\"\">2002<\/a> <a href=\"https:\/\/www.transparency.org\/content\/download\/2850\/17712\/file\/bpi1999.pdf\" title=\"\">1999<\/a> <\/span><\/p>\n<p>\u00a0<\/p>\n<div align=\"center\">\n<hr width=\"100%\" size=\"2\" \/><\/div>\n<p><span lang=\"SL\">Opozarjamo tudi na raziskavo BEEPS Business Environment and Enterprise Performance Survey. gre za rasikavo, ki sta jo skupaj za\u010deli Evropska unija in Svetovna banka. Namen BEEPS-a je ocenjevanje kakovosti poslovnega okolja, med drugim tudi, kar zadeva korupcijo, zaradi \u010desar lahko BEEPS \u0161tejemo med raziskave, ki obravnavajo korupcijo. Raziskava je bila izvedena v letih 1999, 2002, 2004 in 2005 <\/span><\/p>\n<p>\u00a0<\/p>\n<p><span lang=\"SL\">BEEPS:<\/span><\/p>\n<p><span lang=\"SL\">Podatke za vsa leta (1999, 2002, 2004 in 2005) najdete na spletni strani <a href=\"https:\/\/www.ebrd.com\/pages\/research\/economics\/data\/beeps.shtml\" title=\"\">Business environment and enterprise performance survey<\/a>. Opomba: Tudi leta 2009 je izvedena raziskava BEEPS. Tudi to najdete na omenjeni povezavi. <\/span><\/p>\n<p>\u00a0<\/p>\n<div style=\"text-align: left;\" align=\"center\">\n<hr width=\"100%\" size=\"2\" \/><strong><span lang=\"SL\">Ocenjevanje Slovenije s podro\u010dja korupcije<\/span><\/strong><\/div>\n<p><span lang=\"SL\">Slovenija je bila na podro\u010dju korupcije ocenjevana s strani razli\u010dnih institucij, sploh v \u010dasu, ko je bila kandidatka za vstop v Evropsko unijo. Ocene razli\u010dnih institucij podajamo na tem mestu. <\/span><\/p>\n<p>\u00a0<\/p>\n<p><span lang=\"SL\">Svet Evrope (GRECO):<\/span><\/p>\n<p><span lang=\"SL\">Organizacija za ekonomsko sodelovanje in razvoj, v okviru nje pa dejansko skupina dr\u017eav za boj proti korupciji (Greco) je Slovenijo in stanje korupcije in protikorupcijskega boja v njej ocenjevala \u017ee od \u010dasa, ko je bila \u0161e kandidatka za vstop v Evropsko unijo. V ta namen obstajata poro\u010dili o prvem in drugem krogu ocenjevanja s strani Greca. Poro\u010dila o ocenjevanju Slovenije s strani Greca se nahajajo na spletni strani Komisije za prepre\u010devanje korupcije. Kot zanimivost naj povemo, da opravlja gospod Drago Kos \u017ee drugi mandat predsednika Greca. Dodatek: Dragu Kosu se je kon\u010dal mandat predsednika Greca. Novi predsednik Greca bo pri\u0161el iz Hrva\u0161ke.<\/span><\/p>\n<p><span lang=\"SL\"><br \/><\/span><\/p>\n<p><span lang=\"SL\"><a href=\"..\/Datoteke\/Greco_prvi_krog_ocenjevanja_porocilo.pdf\" title=\"\">GRECO Skupina dr\u017eav proti korupciji \u2013 Prvi krog ocenjevanja 2000 <\/a><\/span><\/p>\n<p>&#8211; <a href=\"..\/Datoteke\/Greco_prvi_krog_prvi_dodatek.pdf\" title=\"\">GRECO Skupina dr\u017eav proti korupciji &#8211; Prvi krog ocenjevanja &#8211; dodatek 2005<\/a><\/p>\n<p>&#8211; <a href=\"..\/Datoteke\/Greco_prvi_krog_drugi_dodatek.pdf\" title=\"\">GRECO Skupina dr\u017eav proti korupciji \u2013 Prvi krog ocenjevanja &#8211; drugi dodatek 2006<\/a><\/p>\n<p><span lang=\"SL\"><br \/> <a href=\"..\/Datoteke\/Greco_drugi_krog_ocenjevanja_porocilo.pdf\" title=\"\">GRECO Skupina dr\u017eav proti korupciji \u2013 Drugi krog ocenjevanja 2003<\/a><\/span><\/p>\n<p><span lang=\"SL\"><a href=\"..\/Datoteke\/Greco_drugi_krog_ocenjevanja_porocilo_o_izpolnjevanju.pdf\" title=\"\">GRECO Skupina dr\u017eav proti korupciji \u2013 Drugi krog ocenjevanja &#8211; Poro\u010dilo o izpolnjevanju priporo\u010dil (2006) <\/a><\/span><\/p>\n<p>\u00a0<\/p>\n<p><span lang=\"SL\"><a href=\"..\/Datoteke\/Greco_tretji_krog_ocenjevanja_inkriminacije.pdf\">GRECO Skupina dr\u017eav proti korupciji &#8211; Poro\u010dilo: Inkriminacije (2007)<\/a><\/span><\/p>\n<p><span lang=\"SL\"><a href=\"..\/Datoteke\/GRECO_tretji_krog_ocenjevanja_tranparentnost_financiranja.pdf\">GRECO Skupina dr\u017eav proti korupciji &#8211; Poro\u010dilo: Transparentnost politi\u010dnih strank (2007)<\/a><\/span><\/p>\n<p>\u00a0<\/p>\n<p><span lang=\"SL\"><a href=\"..\/Datoteke\/OECD_porocilo_o_izvajanju_konvencije.pdf\" title=\"\">OECD Poro\u010dilo o izvajanju konvencije in priporo\u010dil iz leta 1997<\/a> <\/span><\/p>\n<p>\u00a0<\/p>\n<div align=\"center\">\n<hr width=\"100%\" size=\"2\" \/><\/div>\n<p><span lang=\"SL\">Slovenijo je ocenjevala tudi Evropska unija v \u010dasu, ko je bila ta \u0161e kandidatka za vstop v EU. Podajamo povzave do poro\u010dil, v katerih so tudi ocene o korupciji v Sloveniji, sicer zelo pav\u0161alne in zato ne preve\u010d uporabne. Podali bomo vsa poro\u010dila: <\/span><\/p>\n<p>\u00a0<\/p>\n<p><span lang=\"SL\">Poro\u010dila Evropske komisije o napredku Republike Slovenije pri vklju\u010devanju v Evropsko unijo: <\/span><\/p>\n<p>\u00a0<\/p>\n<p><span lang=\"SL\"><a href=\"https:\/\/www.evropa.gov.si\/fileadmin\/dokumenti\/dokumenti\/Vkljucevanje_v_EU\/redno-porocilo-00.pdf\" title=\"\">2003 &#8211; kon\u010dno poro\u010dilo<\/a> <\/span><\/p>\n<p>\u00a0<\/p>\n<p><span lang=\"SL\"><a href=\"https:\/\/www.evropa.gov.si\/fileadmin\/dokumenti\/dokumenti\/Vkljucevanje_v_EU\/redno-porocilo-02.pdf\" title=\"\">2002<\/a> <a href=\"https:\/\/www.evropa.gov.si\/fileadmin\/dokumenti\/dokumenti\/Vkljucevanje_v_EU\/redno-porocilo-01.pdf\" title=\"\">2001<\/a> <a href=\"https:\/\/www.evropa.gov.si\/fileadmin\/dokumenti\/dokumenti\/Vkljucevanje_v_EU\/redno-porocilo-00.pdf\" title=\"\">2000<\/a> <a href=\"https:\/\/www.evropa.gov.si\/fileadmin\/dokumenti\/dokumenti\/Vkljucevanje_v_EU\/redno-porocilo-99.pdf\" title=\"\">1999<\/a> <a href=\"https:\/\/www.evropa.gov.si\/fileadmin\/dokumenti\/dokumenti\/Vkljucevanje_v_EU\/redno-porocilo-98.pdf\" title=\"\">1998<\/a> <\/span><\/p>\n<p>\u00a0<\/p>\n<p><span lang=\"SL\"><br \/> Sicer pa je Vlada Republike Slovenije na podlagi zgornjih poro\u010dil sama podajala lastna poro\u010dila (gre prakti\u010dno za identi\u010dne tekste, jih pa podajamo zaradi \u017eelje po celovitosti informacij) <\/span><\/p>\n<p>\u00a0<\/p>\n<p><span lang=\"SL\"><br \/> Poro\u010dila Vlade Republike Slovenije o napredku pri vklju\u010devanju v Evropsko unijo <\/span><\/p>\n<p>\u00a0<\/p>\n<p><span lang=\"SL\"><a href=\"https:\/\/www.evropa.gov.si\/fileadmin\/dokumenti\/dokumenti\/Vkljucevanje_v_EU\/porocilo-vlade-03.pdf\" title=\"\">2003<\/a> <a href=\"https:\/\/www.evropa.gov.si\/fileadmin\/dokumenti\/dokumenti\/Vkljucevanje_v_EU\/porocilo-vlade-02.pdf\" title=\"\">2002<\/a> <a href=\"https:\/\/www.evropa.gov.si\/fileadmin\/dokumenti\/dokumenti\/Vkljucevanje_v_EU\/porocilo-vlade-01.pdf\" title=\"\">2001<\/a> <a href=\"https:\/\/www.evropa.gov.si\/fileadmin\/dokumenti\/dokumenti\/Vkljucevanje_v_EU\/porocilo-vlade-00.pdf\" title=\"\">2000<\/a> <a href=\"https:\/\/www.evropa.gov.si\/si\/vkljucevanje-v-eu\/porocilo-o-uresnicevanju-drzavnega-programa-1999\/\">1999<\/a> <a href=\"https:\/\/www.evropa.gov.si\/si\/vkljucevanje-v-eu\/porocilo-o-uresnicevanju-drzavnega-programa-v-letu-1998\/\">1998<\/a> <\/span><\/p>\n<p>\u00a0<\/p>\n<p><span lang=\"SL\"><br \/> Zanimivo je tudi mnenje Evropske komisije, ki ga je podala v Agendi 2000 <\/span><\/p>\n<p>\u00a0<\/p>\n<p><span lang=\"SL\"><a href=\"https:\/\/www.evropa.gov.si\/fileadmin\/dokumenti\/dokumenti\/Vkljucevanje_v_EU\/agenda-2000.pdf\" title=\"\">Agenda 2000 &#8211; Mnenje Komisije o pro\u0161nji Slovenije za \u010dlanstvo v Evropski uniji<\/a> <\/span><\/p>\n<p>\u00a0<\/p>\n<div style=\"text-align: left;\" align=\"center\">\n<hr width=\"100%\" size=\"2\" \/><strong><span lang=\"SL\">Druge raziskave<\/span><\/strong><\/div>\n<p>\u00a0<\/p>\n<p><span lang=\"SL\">Tu gre za druge raziskave, ki ne obravnavajo nujno korupcije kot glavni ali eden izmed osnovnih predmetov raziskave, jo pa omenjajo. <\/span><\/p>\n<p>\u00a0<\/p>\n<p><span lang=\"SL\">Indeks ekonomske svobode:<\/span><\/p>\n<p><span lang=\"SL\"><a href=\"https:\/\/www.heritage.org\/index\/\" title=\"\">Podatki za teko\u010de leto<\/a> <\/span><\/p>\n<p><span lang=\"SL\"><a href=\"https:\/\/www.heritage.org\/index\/Ranking\">Nazorna lestvica dr\u017eav za teko\u010de leto<\/a><\/span><\/p>\n<p><span lang=\"SL\"><a href=\"https:\/\/www.heritage.org\/index\/explore\">Preglednica raz\u010dlenjenih ocen po sklopih za vse dr\u017eave za teko\u010de leto<\/a><br \/><\/span><\/p>\n<p><span lang=\"SL\"><a href=\"https:\/\/www.heritage.org\/index\/Country\/Slovenia\">Podatki za Slovenijo za teko\u010de leto<\/a> <\/span><\/p>\n<p><span lang=\"SL\"><a href=\"https:\/\/www.heritage.org\/index\/Explore.aspx?view=by-region-country-year\" title=\"\">Spletna stran za ves svet s podatki za nazaj<\/a> <\/span><\/p>\n<p><span lang=\"SL\"><a href=\"https:\/\/www.heritage.org\/index\/Explore.aspx?view=by-variables\" title=\"\">Makroekonomski podatki po vseh dr\u017eavah<\/a> <\/span><\/p>\n<p>\u00a0<\/p>\n","protected":false},"excerpt":{"rendered":"<p>O korupciji je bilo narejenih precej raziskav, tako tujih kot doma\u010dih. V tej temi se bomo osredoto\u010dili predvsem na raziskave o korupciji v Sloveniji, omenili bomo pa \u0161e bistvene mednarodne raziskave. Dober vir informacij o raziskavah o korupciji je spletna stran Komisije za prepre\u010devanje korupcije. \u00a0 Doma\u010de raziskave: Stali\u0161\u010da do korupcije: 2009 2008 2007 2006 &hellip; <a href=\"https:\/\/www.dossierkorupcija.com\/wiki\/?page_id=14\" class=\"more-link\">Preberi ve\u010d<span class=\"screen-reader-text\"> &#8220;Raziskave o korupciji&#8221;<\/span><\/a><\/p>\n","protected":false},"author":1,"featured_media":0,"parent":0,"menu_order":1,"comment_status":"open","ping_status":"open","template":"","meta":[],"_links":{"self":[{"href":"https:\/\/www.dossierkorupcija.com\/wiki\/index.php?rest_route=\/wp\/v2\/pages\/14"}],"collection":[{"href":"https:\/\/www.dossierkorupcija.com\/wiki\/index.php?rest_route=\/wp\/v2\/pages"}],"about":[{"href":"https:\/\/www.dossierkorupcija.com\/wiki\/index.php?rest_route=\/wp\/v2\/types\/page"}],"author":[{"embeddable":true,"href":"https:\/\/www.dossierkorupcija.com\/wiki\/index.php?rest_route=\/wp\/v2\/users\/1"}],"replies":[{"embeddable":true,"href":"https:\/\/www.dossierkorupcija.com\/wiki\/index.php?rest_route=%2Fwp%2Fv2%2Fcomments&post=14"}],"version-history":[{"count":0,"href":"https:\/\/www.dossierkorupcija.com\/wiki\/index.php?rest_route=\/wp\/v2\/pages\/14\/revisions"}],"wp:attachment":[{"href":"https:\/\/www.dossierkorupcija.com\/wiki\/index.php?rest_route=%2Fwp%2Fv2%2Fmedia&parent=14"}],"curies":[{"name":"wp","href":"https:\/\/api.w.org\/{rel}","templated":true}]}}