{"id":15,"date":"2011-12-12T07:35:10","date_gmt":"2011-12-12T07:35:10","guid":{"rendered":"http:\/\/localhost\/wordpress\/?p=15"},"modified":"2021-08-26T22:16:33","modified_gmt":"2021-08-26T22:16:33","slug":"publikacije-o-korupciji","status":"publish","type":"page","link":"https:\/\/www.dossierkorupcija.com\/wiki\/?page_id=15","title":{"rendered":"Publikacije na temo korupcija"},"content":{"rendered":"<p><span lang=\"SL\">V tem delu bomo opozarjali na razli\u010dne publikacije na temo korupcija. Osredoto\u010dili se bomo prvenstveno na dela, ki so dosegljiva na spletu. Dela, ki niso dosegljiva na spletu, pa bomo objavili zgolj, \u010de so zares pomembna in tako koristna za omembo v zbirki podatkov.<\/span><\/p>\n<p><span lang=\"SL\"><br \/> Gre za razli\u010dna dela (knjige, zbronike in druga podobna gradiva), ki obravnavajo korupcijo. V to zbirko bomo dali tudi \u010dlanke in pa podstrani drugih strani, ki obravnavajo korupcijo, seveda v primeru, da jo obravnavajo na splo\u0161en (lahko bi rekli teoreti\u010den) na\u010din, ne pa posameznih primerov (domnevne) korupcije, seveda se pa lahko naslanjajo na konkreten primer. <\/span><\/p>\n<p><span lang=\"SL\"><br \/> Zbirko publikacij bomo razdelili na ve\u010d skupin. <br \/><\/span><\/p>\n<p>\u00a0<\/p>\n<div align=\"center\">\n<hr width=\"100%\" size=\"2\" \/><\/div>\n<p>\u00a0<\/p>\n<p><span lang=\"SL\">Priro\u010dniki o korupciji <\/span><\/p>\n<p>\u00a0<\/p>\n<div align=\"center\">\n<hr width=\"100%\" size=\"2\" \/><\/div>\n<p>\u00a0<\/p>\n<p><a href=\"https:\/\/www.dossierkorupcija.com\/wiki\/?p=16\"><span lang=\"SL\">Samostojne publikacije o korupciji <\/span><\/a><\/p>\n<p>\u00a0<\/p>\n<div align=\"center\">\n<hr width=\"100%\" size=\"2\" \/><\/div>\n<p>\u00a0<\/p>\n<p><span lang=\"SL\"><a href=\"index.php\/diplomska-magistrska-in-doktorska-dela-o-korupciji\">Diplomska, magistrska in doktorska dela o korupciji<\/a> <\/span><\/p>\n<p>\u00a0<\/p>\n<div align=\"center\">\n<hr width=\"100%\" size=\"2\" \/><\/div>\n<p>\u00a0<\/p>\n<p><span lang=\"SL\">Spletne podstrani o korupciji <\/span><\/p>\n<p>\u00a0<\/p>\n<p><span lang=\"SL\">Opomba: Pri spletnih podstraneh o korupciji gre za strani, ki se v eni izmed tem ukvarjajo s korupcijo, niso pa to strani medijev (\u010dlanki) ali organizacij, ki se specializirano ukvarjajo s korupcijo. <\/span><\/p>\n<p>\u00a0<\/p>\n","protected":false},"excerpt":{"rendered":"<p>V tem delu bomo opozarjali na razli\u010dne publikacije na temo korupcija. Osredoto\u010dili se bomo prvenstveno na dela, ki so dosegljiva na spletu. Dela, ki niso dosegljiva na spletu, pa bomo objavili zgolj, \u010de so zares pomembna in tako koristna za omembo v zbirki podatkov. Gre za razli\u010dna dela (knjige, zbronike in druga podobna gradiva), ki &hellip; <a href=\"https:\/\/www.dossierkorupcija.com\/wiki\/?page_id=15\" class=\"more-link\">Preberi ve\u010d<span class=\"screen-reader-text\"> &#8220;Publikacije na temo korupcija&#8221;<\/span><\/a><\/p>\n","protected":false},"author":1,"featured_media":0,"parent":0,"menu_order":5,"comment_status":"open","ping_status":"open","template":"","meta":[],"_links":{"self":[{"href":"https:\/\/www.dossierkorupcija.com\/wiki\/index.php?rest_route=\/wp\/v2\/pages\/15"}],"collection":[{"href":"https:\/\/www.dossierkorupcija.com\/wiki\/index.php?rest_route=\/wp\/v2\/pages"}],"about":[{"href":"https:\/\/www.dossierkorupcija.com\/wiki\/index.php?rest_route=\/wp\/v2\/types\/page"}],"author":[{"embeddable":true,"href":"https:\/\/www.dossierkorupcija.com\/wiki\/index.php?rest_route=\/wp\/v2\/users\/1"}],"replies":[{"embeddable":true,"href":"https:\/\/www.dossierkorupcija.com\/wiki\/index.php?rest_route=%2Fwp%2Fv2%2Fcomments&post=15"}],"version-history":[{"count":1,"href":"https:\/\/www.dossierkorupcija.com\/wiki\/index.php?rest_route=\/wp\/v2\/pages\/15\/revisions"}],"predecessor-version":[{"id":25,"href":"https:\/\/www.dossierkorupcija.com\/wiki\/index.php?rest_route=\/wp\/v2\/pages\/15\/revisions\/25"}],"wp:attachment":[{"href":"https:\/\/www.dossierkorupcija.com\/wiki\/index.php?rest_route=%2Fwp%2Fv2%2Fmedia&parent=15"}],"curies":[{"name":"wp","href":"https:\/\/api.w.org\/{rel}","templated":true}]}}