{"id":16,"date":"2011-12-12T07:38:15","date_gmt":"2011-12-12T07:38:15","guid":{"rendered":"http:\/\/localhost\/wordpress\/?p=16"},"modified":"2011-12-12T07:38:15","modified_gmt":"2011-12-12T07:38:15","slug":"samostojne-publikacije-o-korupciji","status":"publish","type":"page","link":"https:\/\/www.dossierkorupcija.com\/wiki\/?page_id=16","title":{"rendered":"Samostojne publikacije o korupciji"},"content":{"rendered":"<p><span lang=\"SL\"><a href=\"https:\/\/www.eumap.org\/reports\/2002\/corruption\/national\/slovenia\/2002_c_slovenenetrans.pdf\" title=\"https:\/\/www.eumap.org\/reports\/2002\/corruption\/national\/slovenia\/2002_c_slovenenetrans.pdf\">Spremljanje pridru\u017eevanja EU: Korupcija in protikorupcijski ukrepi <\/a><\/span><\/p>\n<p>\u00a0<\/p>\n<p><span lang=\"SL\"><a href=\"https:\/\/www.skupnostobcin.si\/Aktualno\/pdf\/korupcija-ogrozanje.pdf\" title=\"https:\/\/www.skupnostobcin.si\/Aktualno\/pdf\/korupcija-ogrozanje.pdf\">Korupcija kot vir ogro\u017eanja sodobne dru\u017ebe<\/a> <\/span><\/p>\n<p>\u00a0<\/p>\n<p><span lang=\"SL\"><a href=\"https:\/\/owca.info\/si\/ijz\/pdf\/akti\/program_protikorupciji.pdf\" title=\"https:\/\/owca.info\/si\/ijz\/pdf\/akti\/program_protikorupciji.pdf\">Protikorupcijski program v policiji<\/a><\/span><\/p>\n<p><span lang=\"SL\"><br \/><\/span><\/p>\n<p><span lang=\"SL\"><a href=\"https:\/\/www.svlr.gov.si\/si\/delovna_podrocja\/podrocje_lokalne_samouprave\/javna_etika_na_lokalni_ravni\/\">Javna etika na lokalni ravni<\/a><\/span><\/p>\n<p>\u00a0<\/p>\n<p><a href=\"https:\/\/www.kpk-rs.si\/sl\/korupcija-integriteta-in-etika\/publikacije-in-multimedija\">Publikacija po izboru Komisije za prepre\u010devanje korupcije<\/a><\/p>\n<p>\u00a0<\/p>\n<p>Publikacije Bojana Dobov\u0161ka:<\/p>\n<p style=\"padding-left: 30px;\">&#8211; Korupcija v javni upravi<\/p>\n<p style=\"padding-left: 30px;\">&#8211; Korupcija v gospodarstvu<\/p>\n<p style=\"padding-left: 30px;\">&#8211; Zbornik: Korupcija in politika<\/p>\n<p style=\"padding-left: 30px;\">Opomba: Gre za publikacije, ki so bile v \u010dasu prve sestave Komisije za prepre\u010devanje korupcije, v kateri je sodeloval tudi Bojan Dobov\u0161ek, objavljene na spletni strani komisije in so bile torej dostopne na spletu (tako tudi leta 2007). Sedaj na spletu te publikacije ve\u010d niso dostopne.<\/p>\n<p style=\"text-align: left;\">Bralce opozarjamo \u0161e na izjemno bogat vir publikacij o korupciji (v ange\u0161kem jeziku), na katerega smo naleteli med iskanjem novih podatkov.<\/p>\n<p style=\"text-align: left;\">Gre za publikacije v okviru projekta Zdru\u017eenih narodov UNODC. Publikacije datirajo v leta od 1999 do 2006.<\/p>\n<p style=\"text-align: left;\"><a href=\"https:\/\/www.unodc.org\/unodc\/en\/corruption\/publications_calendar_year.html#2006\">2006<\/a> <a href=\"https:\/\/www.unodc.org\/unodc\/en\/corruption\/publications_calendar_year.html#2005\">2005<\/a> <a href=\"https:\/\/www.unodc.org\/unodc\/en\/corruption\/publications_calendar_year.html#2004\">2004<\/a> <a href=\"https:\/\/www.unodc.org\/unodc\/en\/corruption\/publications_calendar_year.html#2003\">2003<\/a> <a href=\"https:\/\/www.unodc.org\/unodc\/en\/corruption\/publications_calendar_year.html#2002\">2002<\/a> <a href=\"https:\/\/www.unodc.org\/unodc\/en\/corruption\/publications_calendar_year.html#2001\">2001<\/a> <a href=\"https:\/\/www.unodc.org\/unodc\/en\/corruption\/publications_calendar_year.html#2000\">2000<\/a> <a href=\"https:\/\/www.unodc.org\/unodc\/en\/corruption\/publications_calendar_year.html#1999\">1999<\/a><\/p>\n","protected":false},"excerpt":{"rendered":"<p>Spremljanje pridru\u017eevanja EU: Korupcija in protikorupcijski ukrepi \u00a0 Korupcija kot vir ogro\u017eanja sodobne dru\u017ebe \u00a0 Protikorupcijski program v policiji Javna etika na lokalni ravni \u00a0 Publikacija po izboru Komisije za prepre\u010devanje korupcije \u00a0 Publikacije Bojana Dobov\u0161ka: &#8211; Korupcija v javni upravi &#8211; Korupcija v gospodarstvu &#8211; Zbornik: Korupcija in politika Opomba: Gre za publikacije, ki &hellip; <a href=\"https:\/\/www.dossierkorupcija.com\/wiki\/?page_id=16\" class=\"more-link\">Preberi ve\u010d<span class=\"screen-reader-text\"> &#8220;Samostojne publikacije o korupciji&#8221;<\/span><\/a><\/p>\n","protected":false},"author":1,"featured_media":0,"parent":0,"menu_order":4,"comment_status":"open","ping_status":"open","template":"","meta":[],"_links":{"self":[{"href":"https:\/\/www.dossierkorupcija.com\/wiki\/index.php?rest_route=\/wp\/v2\/pages\/16"}],"collection":[{"href":"https:\/\/www.dossierkorupcija.com\/wiki\/index.php?rest_route=\/wp\/v2\/pages"}],"about":[{"href":"https:\/\/www.dossierkorupcija.com\/wiki\/index.php?rest_route=\/wp\/v2\/types\/page"}],"author":[{"embeddable":true,"href":"https:\/\/www.dossierkorupcija.com\/wiki\/index.php?rest_route=\/wp\/v2\/users\/1"}],"replies":[{"embeddable":true,"href":"https:\/\/www.dossierkorupcija.com\/wiki\/index.php?rest_route=%2Fwp%2Fv2%2Fcomments&post=16"}],"version-history":[{"count":0,"href":"https:\/\/www.dossierkorupcija.com\/wiki\/index.php?rest_route=\/wp\/v2\/pages\/16\/revisions"}],"wp:attachment":[{"href":"https:\/\/www.dossierkorupcija.com\/wiki\/index.php?rest_route=%2Fwp%2Fv2%2Fmedia&parent=16"}],"curies":[{"name":"wp","href":"https:\/\/api.w.org\/{rel}","templated":true}]}}