{"id":18,"date":"2011-12-12T07:44:33","date_gmt":"2011-12-12T07:44:33","guid":{"rendered":"http:\/\/localhost\/wordpress\/?p=18"},"modified":"2021-08-26T22:16:33","modified_gmt":"2021-08-26T22:16:33","slug":"slovenska-zakonodaja-proti-korupciji","status":"publish","type":"page","link":"https:\/\/www.dossierkorupcija.com\/wiki\/?page_id=18","title":{"rendered":"Slovenska zakonodaja proti korupciji"},"content":{"rendered":"<p><span lang=\"SL\">V Sloveniji se je v njeni zgodovini izmenjalo nekaj pravnih aktov, ki so obravnavali korupcijo. Pa jih na\u0161tejmo:<\/span><\/p>\n<p><span lang=\"SL\"><span style=\"color: #ccc;\">Opomba: To stran smo preuredili s ciljem ponazoriti kronologijo sprejemanja protikorupcijske zakonodaje v Republiki Sloveniji.<\/span><\/span><\/p>\n<p><span lang=\"SL\"><strong>1992 &#8211; 2004<\/strong><br \/><\/span><\/p>\n<p><span lang=\"SL\">Do leta 2004 je v Sloveniji veljal zakon iz leta 1992: <\/span><\/p>\n<p><span lang=\"SL\"><a href=\"https:\/\/zakonodaja.gov.si\/rpsi\/r03\/predpis_ZAKO233.html\" title=\"https:\/\/zakonodaja.gov.si\/rpsi\/r03\/predpis_ZAKO233.html\">Zakon o nezdru\u017eljivosti opravljanja javne funkcije s pridobitno dejavnostjo (1992)<\/a> <\/span><\/p>\n<p><span lang=\"SL\"><br \/><\/span><\/p>\n<p><strong><span lang=\"SL\">2004 &#8211; 2006 (2007)<br \/><\/span><\/strong><\/p>\n<p><a href=\"https:\/\/www2.gov.si\/zak\/zak_vel.nsf\/zakposop\/2004-01-0071?OpenDocument\" title=\"https:\/\/www2.gov.si\/zak\/zak_vel.nsf\/zakposop\/2004-01-0071?OpenDocument\">Zakon o prepre\u010devanju korupcije (2004)<\/a><\/p>\n<p>\u00a0<\/p>\n<p><strong>2006 (2007) &#8211; 2010<\/strong><\/p>\n<p><span lang=\"SL\"><a href=\"https:\/\/zakonodaja.gov.si\/rpsi\/r08\/predpis_ZAKO4478.html\" title=\"https:\/\/zakonodaja.gov.si\/rpsi\/r08\/predpis_ZAKO4478.html\">Zakon o nezdru\u017eljivosti opravljanja javne funkcije s pridobitno dejavnostjo (2006)<\/a> <\/span><\/p>\n<p><span lang=\"SL\">Opomba: Zakon iz leta 2006 je zadr\u017ealo Ustavno sodi\u0161\u010de Republike Slovenije (Sklep sodi\u0161\u010da z dne 13.4.2006 lahko najdete <a href=\"https:\/\/zakonodaja.gov.si\/rpsi\/r08\/predpis_SKLU128.html\" title=\"https:\/\/zakonodaja.gov.si\/rpsi\/r08\/predpis_SKLU128.html\">tukaj<\/a>.) in tako naredilo vakuum, ki je prakti\u010dno ustavil oziroma mo\u010dno zavrl protikorupcijsko dejavnost. Krivda za to je tako na politiki, kot tudi na Ustavnem sodi\u0161\u010du, ki \u0161e do 13.1.2007 (ko je bil ta tekst prvotno napisan) ni odlo\u010dilo o ustavnosti zakona iz leta 2006 in je tako zavrlo nadaljnje sprejemanje (nove) zakonodaje v zvezi z bojem proti korupciji. <\/span><span lang=\"SL\">Zaradi odlo\u010ditve Ustavnega sodi\u0161\u010da je bil \u0161e vedno v veljavi zakon iz leta 2004. <\/span><span lang=\"SL\">Ustavno sodi\u0161\u010de je o ustavnosti predpisa odlo\u010dilo dne 29.3.2007 (objava 13.4.2007).<br \/><\/span><\/p>\n<p>\u00a0<\/p>\n<p><strong>2010 &#8211;<\/strong><\/p>\n<p><span id=\"f10n\"><a href=\"..\/r03\/predpis_ZAKO5523.html\" target=\"centralno\">Zakon o integriteti in prepre\u010devanju korupcije (2010)<\/a><\/span><\/p>\n<p><span><br \/><\/span><\/p>\n<p><span>Zgoraj je opisana kronologija sprejemanja osnovne protikorupcijske zakonodaje v Sloveniji.<br \/><\/span><\/p>\n<p><span><br \/><\/span><\/p>\n<p><span>Spodaj pa so \u0161e dodatni pomembni predpisi, ki jih je dr\u017eava sprejela.<br \/><\/span><\/p>\n<p><span lang=\"SL\"><a href=\"https:\/\/www2.gov.si\/zak\/zak_vel.nsf\/zakposop\/2003-02-0023?OpenDocument\" title=\"https:\/\/www2.gov.si\/zak\/zak_vel.nsf\/zakposop\/2003-02-0023?OpenDocument\">Resolucija o prepre\u010devanju korupcije v Republiki Sloveniji<\/a><\/span><\/p>\n<p><span lang=\"SL\"><a href=\"https:\/\/www2.gov.si\/zak\/zak_vel.nsf\/zakposop\/2003-02-0023?OpenDocument\" title=\"https:\/\/www2.gov.si\/zak\/zak_vel.nsf\/zakposop\/2003-02-0023?OpenDocument\">Zakon o ratifikaciji Kazenskopravne konvencije o korupciji<\/a><\/span><\/p>\n<p><span lang=\"SL\"><a href=\"https:\/\/www2.gov.si\/zak\/zak_vel.nsf\/zakposop\/2003-02-0023?OpenDocument\" title=\"https:\/\/www2.gov.si\/zak\/zak_vel.nsf\/zakposop\/2003-02-0023?OpenDocument\">Zakon o ratifikaciji Civilnopravne konvencije o korupciji<\/a><\/span><\/p>\n<p><a href=\"https:\/\/www.uradni-list.si\/1\/objava.jsp?urlmpid=200828\">Zakon o ratifikaciji Konvencije Zdru\u017eenih narodov proti korupciji <\/a><\/p>\n<p><span lang=\"SL\"><br \/> Opozarjamo tudi na tujo zakonodajo na podro\u010dju korupcije. <a href=\"https:\/\/www.dossierkorupcija.com\/wiki\/?p=19\">Tuja zakonodaja proti korupciji<\/a>. <\/span><\/p>\n","protected":false},"excerpt":{"rendered":"<p>V Sloveniji se je v njeni zgodovini izmenjalo nekaj pravnih aktov, ki so obravnavali korupcijo. Pa jih na\u0161tejmo: Opomba: To stran smo preuredili s ciljem ponazoriti kronologijo sprejemanja protikorupcijske zakonodaje v Republiki Sloveniji. 1992 &#8211; 2004 Do leta 2004 je v Sloveniji veljal zakon iz leta 1992: Zakon o nezdru\u017eljivosti opravljanja javne funkcije s pridobitno &hellip; <a href=\"https:\/\/www.dossierkorupcija.com\/wiki\/?page_id=18\" class=\"more-link\">Preberi ve\u010d<span class=\"screen-reader-text\"> &#8220;Slovenska zakonodaja proti korupciji&#8221;<\/span><\/a><\/p>\n","protected":false},"author":1,"featured_media":0,"parent":0,"menu_order":2,"comment_status":"open","ping_status":"open","template":"","meta":[],"_links":{"self":[{"href":"https:\/\/www.dossierkorupcija.com\/wiki\/index.php?rest_route=\/wp\/v2\/pages\/18"}],"collection":[{"href":"https:\/\/www.dossierkorupcija.com\/wiki\/index.php?rest_route=\/wp\/v2\/pages"}],"about":[{"href":"https:\/\/www.dossierkorupcija.com\/wiki\/index.php?rest_route=\/wp\/v2\/types\/page"}],"author":[{"embeddable":true,"href":"https:\/\/www.dossierkorupcija.com\/wiki\/index.php?rest_route=\/wp\/v2\/users\/1"}],"replies":[{"embeddable":true,"href":"https:\/\/www.dossierkorupcija.com\/wiki\/index.php?rest_route=%2Fwp%2Fv2%2Fcomments&post=18"}],"version-history":[{"count":1,"href":"https:\/\/www.dossierkorupcija.com\/wiki\/index.php?rest_route=\/wp\/v2\/pages\/18\/revisions"}],"predecessor-version":[{"id":26,"href":"https:\/\/www.dossierkorupcija.com\/wiki\/index.php?rest_route=\/wp\/v2\/pages\/18\/revisions\/26"}],"wp:attachment":[{"href":"https:\/\/www.dossierkorupcija.com\/wiki\/index.php?rest_route=%2Fwp%2Fv2%2Fmedia&parent=18"}],"curies":[{"name":"wp","href":"https:\/\/api.w.org\/{rel}","templated":true}]}}