{"id":19,"date":"2011-12-12T07:46:29","date_gmt":"2011-12-12T07:46:29","guid":{"rendered":"http:\/\/localhost\/wordpress\/?p=19"},"modified":"2021-08-26T22:16:34","modified_gmt":"2021-08-26T22:16:34","slug":"tuja-zakonodaja-proti-korupciji","status":"publish","type":"page","link":"https:\/\/www.dossierkorupcija.com\/wiki\/?page_id=19","title":{"rendered":"Tuja zakonodaja proti korupciji"},"content":{"rendered":"<p><span lang=\"SL\">Pod pojmom tuja zakonodaja na podro\u010dju korupcije ne mislimo toliko na zakone drugih dr\u017eav s podro\u010dja korupcije, ampak predvsem na razli\u010dne mednarodne konvencije in resolucije, ki tvorijo nek mednarodni pravni okvir za sodelovanje dr\u017eav pri boju zoper korupcijo. Na podlagi teh konvencij in resolucij nato vsaka posamezna dr\u017eava prilagodi lastno zakonodajo na podro\u010dju boja proti korupciji. \u010ce gledamo na te mednarodne dokumente s tega stali\u0161\u010da, jih lahko \u0161tejemo tudi kot tujo zakonodajo na podro\u010dju korupcije. <\/span><\/p>\n<p>\u00a0<\/p>\n<p><span lang=\"SL\"><br \/> Najprej omenjamo za Slovenijo trenutno aktualne mednarodne dokumente: <\/span><\/p>\n<p>\u00a0<\/p>\n<p><span lang=\"SL\"><a href=\"https:\/\/www.kpk-rs.si\/fileadmin\/kpk.gov.si\/pageuploads\/pdf\/mednarodni_akti\/konvencije\/EU_konvencija.pdf\" title=\"https:\/\/www.kpk-rs.si\/fileadmin\/kpk.gov.si\/pageuploads\/pdf\/mednarodni_akti\/konvencije\/EU_konvencija.pdf\">Konvencija pripravljena na podlagi \u010dlena K.3(2)(c) Pogodbe o Evropski uniji o boju proti korupciji uradnikov Evropskih skupnosti ali uradnikov dr\u017eav \u010dlanic Evropske unije<\/a> <\/span><\/p>\n<p>\u00a0<\/p>\n<p><span lang=\"SL\"><a href=\"https:\/\/www.kpk-rs.si\/fileadmin\/kpk.gov.si\/pageuploads\/pdf\/mednarodni_akti\/konvencije\/ZN_konvencija.pdfKonvencija\" title=\"https:\/\/www.kpk-rs.si\/fileadmin\/kpk.gov.si\/pageuploads\/pdf\/mednarodni_akti\/konvencije\/ZN_konvencija.pdfKonvencija\">Zdru\u017eenih narodov proti mednarodnemu organiziranemu kriminalu<\/a> <\/span><\/p>\n<p>\u00a0<\/p>\n<p><span lang=\"SL\"><a href=\"https:\/\/www.kpk-rs.si\/fileadmin\/kpk.gov.si\/pageuploads\/pdf\/mednarodni_akti\/konvencije\/MCKK.pdf\" title=\"https:\/\/www.kpk-rs.si\/fileadmin\/kpk.gov.si\/pageuploads\/pdf\/mednarodni_akti\/konvencije\/MCKK.pdf\">Civilnopravna konvencija o korupciji<\/a> <a href=\"https:\/\/www.kpk-rs.si\/fileadmin\/kpk.gov.si\/pageuploads\/pdf\/mednarodni_akti\/konvencije\/MDPKKK1.pdf\" title=\"https:\/\/www.kpk-rs.si\/fileadmin\/kpk.gov.si\/pageuploads\/pdf\/mednarodni_akti\/konvencije\/MDPKKK1.pdf\">Kazenskopravna konvencija o korupciji<\/a> <\/span><\/p>\n<p>\u00a0<\/p>\n<p><span lang=\"SL\"><a href=\"https:\/\/www.kpk-rs.si\/fileadmin\/kpk.gov.si\/pageuploads\/pdf\/mednarodni_akti\/konvencije\/MPKKK.pdf\" title=\"https:\/\/www.kpk-rs.si\/fileadmin\/kpk.gov.si\/pageuploads\/pdf\/mednarodni_akti\/konvencije\/MPKKK.pdf\">Dodatni protokol h kazenskopravni konvenciji o korupciji<\/a> <\/span><\/p>\n<p>\u00a0<\/p>\n<p><span lang=\"SL\"><a href=\"https:\/\/www.kpk-rs.si\/fileadmin\/kpk.gov.si\/pageuploads\/pdf\/mednarodni_akti\/konvencije\/MKBPTJ.pdf\" title=\"https:\/\/www.kpk-rs.si\/fileadmin\/kpk.gov.si\/pageuploads\/pdf\/mednarodni_akti\/konvencije\/MKBPTJ.pdf\">Konvencija o boju proti podkupovanju tujih javnih uslu\u017ebencev v mednarodnem poslovanju<\/a> <\/span><\/p>\n<p>\u00a0<span lang=\"SL\"> <br \/><\/span><\/p>\n<p>\u00a0<\/p>\n<p><strong><span lang=\"SL\">MEDNARODNI PRAVNI DOKUMENTI S PODRO\u010cJA KORUPCIJE:<\/span><\/strong><\/p>\n<p>\u00a0<\/p>\n<div align=\"center\">\n<hr width=\"100%\" size=\"2\" \/><\/div>\n<p>\u00a0<\/p>\n<p><strong><span lang=\"SL\">Dokumenti Zdru\u017eenih narodov<\/span><\/strong><\/p>\n<p>\u00a0<\/p>\n<p><span lang=\"SL\">RESOLUCIJE ZDRU\u017dENIH NARODOV <\/span><\/p>\n<p>\u00a0<\/p>\n<p><span lang=\"SL\"><a href=\"https:\/\/www.unpan.org\/dpepa-gpab-ethics.asp#Document\" title=\"https:\/\/www.unpan.org\/dpepa-gpab-ethics.asp#Document\">A\/RES\/55\/61 &#8211; Resolution Adopted by the General Assembly &#8211; An Effective International Legal Instrument against Corruptioin<\/a> <\/span><\/p>\n<p>\u00a0<\/p>\n<p><span lang=\"SL\"><a href=\"https:\/\/www.unpan.org\/dpepa-gpab-ethics.asp#Document\" title=\"https:\/\/www.unpan.org\/dpepa-gpab-ethics.asp#Document\">A\/RES\/55\/188 &#8211; Prevention of Corrupt Practices and Illegal Transfer of Funds and Repatriation of Such Funds to the Countries of Origin<\/a> <\/span><\/p>\n<p>\u00a0<\/p>\n<p><span lang=\"SL\"><a href=\"https:\/\/www.unpan.org\/dpepa-gpab-ethics.asp#Document\" title=\"https:\/\/www.unpan.org\/dpepa-gpab-ethics.asp#Document\">A\/RES\/54\/205 &#8211; Prevention of Corrupt Practices and Illegal Transfer of Funds<\/a> <\/span><\/p>\n<p>\u00a0<\/p>\n<p><span lang=\"SL\"><a href=\"https:\/\/www.unpan.org\/dpepa-gpab-ethics.asp#Document\" title=\"https:\/\/www.unpan.org\/dpepa-gpab-ethics.asp#Document\">A\/RES\/53\/176 &#8211; Action against Corruption and Bribery in International Commercial Transactions<\/a> <\/span><\/p>\n<p>\u00a0<\/p>\n<p><span lang=\"SL\"><a href=\"https:\/\/www.unpan.org\/dpepa-gpab-ethics.asp#Document\" title=\"https:\/\/www.unpan.org\/dpepa-gpab-ethics.asp#Document\">A\/RES\/52\/87 &#8211; International Cooperation against Corruption and Bribery in International Commercial Transactions<\/a> <\/span><\/p>\n<p>\u00a0<\/p>\n<p><span lang=\"SL\"><a href=\"https:\/\/www.unpan.org\/dpepa-gpab-ethics.asp#Document\" title=\"https:\/\/www.unpan.org\/dpepa-gpab-ethics.asp#Document\">A\/RES\/51\/191 &#8211; International Cooperation against Corruption and Bribery in International Commercial Transactions<\/a> <\/span><\/p>\n<p>\u00a0<\/p>\n<p><span lang=\"SL\"><a href=\"https:\/\/www.unpan.org\/dpepa-gpab-ethics.asp#Document\" title=\"https:\/\/www.unpan.org\/dpepa-gpab-ethics.asp#Document\">A\/RES\/51\/59 &#8211; Action against Corruption<\/a> <\/span><\/p>\n<p>\u00a0<\/p>\n<p><span lang=\"SL\"><br \/> KONVENCIJA ZDRU\u017dENIH NARODOV PROTI KORUPCIJI <\/span><\/p>\n<p>\u00a0<\/p>\n<p><span lang=\"SL\">Tu je potrebno povedati, da je Slovenija precej zavla\u010devala z ratifikacijo omenjene konvencije. Glavna krivca za to sta bila politika in Ustavno sodi\u0161\u010de, ki je zamrznilo sprejemanje zakonodaje na podro\u010dju korupcije, da bi ocenilo ustavnost novega zakona. Leta 2007 rafitikacije \u0161e ni bilo. Ta se je zgodila na za\u010detku leta 2008. Konvenciji zdru\u017eenih narodov proti korupciji je ZN namenil celo spletno stran: <\/span><\/p>\n<p>\u00a0<\/p>\n<p><span lang=\"SL\"><a href=\"https:\/\/www.unodc.org\/unodc\/en\/crime_convention_corruption.html\" title=\"https:\/\/www.unodc.org\/unodc\/en\/crime_convention_corruption.html\">United Nations Convention against Corruption<\/a> <\/span><\/p>\n<p><a href=\"https:\/\/www.uradni-list.si\/1\/objava.jsp?urlmpid=200828\">Zakon o ratifikaciji Konvencije Zdru\u017eenih narodov proti korupciji <\/a><\/p>\n<p>\u00a0<\/p>\n<div align=\"center\">\n<hr width=\"100%\" size=\"2\" \/><\/div>\n<p>\u00a0<\/p>\n<p><strong><span lang=\"SL\">Dokumenti Sveta Evrope in Greco<\/span><\/strong><\/p>\n<p>\u00a0<\/p>\n<p><span lang=\"SL\"><a href=\"https:\/\/www.kpk-rs.si\/fileadmin\/kpk.gov.si\/pageuploads\/pdf\/mednarodni_akti\/drugo\/ResCM_97_24E.pdf\" title=\"https:\/\/www.kpk-rs.si\/fileadmin\/kpk.gov.si\/pageuploads\/pdf\/mednarodni_akti\/drugo\/ResCM_97_24E.pdf\">Resolution (97)24 on the Twenty Guiding Principles for the Fight against Corruption<\/a> <\/span><\/p>\n<p>\u00a0<\/p>\n<p><span lang=\"SL\"><a href=\"https:\/\/www.greco.coe.int\/docs\/ResCM%281999%295E.htm\" title=\"https:\/\/www.greco.coe.int\/docs\/ResCM(1999)5E.htm\">Resolution (99) 5 establishing the Group of States against Corruption \u2013 GRECO<\/a> <\/span><\/p>\n<p>\u00a0<\/p>\n<div align=\"center\">\n<hr width=\"100%\" size=\"2\" \/><\/div>\n<p>\u00a0<\/p>\n<p><strong><span lang=\"SL\">Dokumenti OECD<\/span><\/strong><\/p>\n<p>\u00a0<\/p>\n<p><span lang=\"SL\"><a href=\"https:\/\/www.oecd.org\/document\/30\/0,2340,en_2649_201185_2394526_119672_1_1_1,00.html\" title=\"https:\/\/www.oecd.org\/document\/30\/0,2340,en_2649_201185_2394526_119672_1_1_1,00.html\">Recommendation on Anti-Corruption Proposals for Aid-Funded Procurement<\/a> <\/span><\/p>\n<p>\u00a0<\/p>\n<p><span lang=\"SL\"><a href=\"https:\/\/www.oecd.org\/document\/46\/0,2340,en_2649_34859_2048174_1_1_1_1,00.html\" title=\"https:\/\/www.oecd.org\/document\/46\/0,2340,en_2649_34859_2048174_1_1_1_1,00.html\">Recommendation of the Council of the OECD on the Tax Deductibility of Bribes to Foreign Public Officials<\/a> <\/span><\/p>\n<p>\u00a0<\/p>\n<p><span lang=\"SL\"><a href=\"https:\/\/www.kpk-rs.si\/fileadmin\/kpk.gov.si\/pageuploads\/pdf\/mednarodni_akti\/drugo\/Revised_OECD_R_CBIBT.pdf\" title=\"https:\/\/www.kpk-rs.si\/fileadmin\/kpk.gov.si\/pageuploads\/pdf\/mednarodni_akti\/drugo\/Revised_OECD_R_CBIBT.pdf\">Revised Recommendations of the Council on Combating Bribery in International Business Transactions<\/a> <\/span><\/p>\n<p>\u00a0<\/p>\n<p><span lang=\"SL\"><a href=\"https:\/\/www.kpk-rs.si\/fileadmin\/kpk.gov.si\/pageuploads\/pdf\/mednarodni_akti\/drugo\/OECD_Public_service.pdf\" title=\"https:\/\/www.kpk-rs.si\/fileadmin\/kpk.gov.si\/pageuploads\/pdf\/mednarodni_akti\/drugo\/OECD_Public_service.pdf\">Recommendations and Principles for Managing Ethics in the Public Service<\/a> <\/span><\/p>\n<p>\u00a0<\/p>\n<p><span lang=\"SL\"><br \/> \u010ce \u0161e niste preberite stran <a href=\"https:\/\/www.dossierkorupcija.com\/wiki\/?p=18\">Slovenska zakonodaja proti korupciji<\/a>. <\/span><\/p>\n<p>\u00a0<\/p>\n","protected":false},"excerpt":{"rendered":"<p>Pod pojmom tuja zakonodaja na podro\u010dju korupcije ne mislimo toliko na zakone drugih dr\u017eav s podro\u010dja korupcije, ampak predvsem na razli\u010dne mednarodne konvencije in resolucije, ki tvorijo nek mednarodni pravni okvir za sodelovanje dr\u017eav pri boju zoper korupcijo. Na podlagi teh konvencij in resolucij nato vsaka posamezna dr\u017eava prilagodi lastno zakonodajo na podro\u010dju boja proti &hellip; <a href=\"https:\/\/www.dossierkorupcija.com\/wiki\/?page_id=19\" class=\"more-link\">Preberi ve\u010d<span class=\"screen-reader-text\"> &#8220;Tuja zakonodaja proti korupciji&#8221;<\/span><\/a><\/p>\n","protected":false},"author":1,"featured_media":0,"parent":0,"menu_order":1,"comment_status":"open","ping_status":"open","template":"","meta":[],"_links":{"self":[{"href":"https:\/\/www.dossierkorupcija.com\/wiki\/index.php?rest_route=\/wp\/v2\/pages\/19"}],"collection":[{"href":"https:\/\/www.dossierkorupcija.com\/wiki\/index.php?rest_route=\/wp\/v2\/pages"}],"about":[{"href":"https:\/\/www.dossierkorupcija.com\/wiki\/index.php?rest_route=\/wp\/v2\/types\/page"}],"author":[{"embeddable":true,"href":"https:\/\/www.dossierkorupcija.com\/wiki\/index.php?rest_route=\/wp\/v2\/users\/1"}],"replies":[{"embeddable":true,"href":"https:\/\/www.dossierkorupcija.com\/wiki\/index.php?rest_route=%2Fwp%2Fv2%2Fcomments&post=19"}],"version-history":[{"count":1,"href":"https:\/\/www.dossierkorupcija.com\/wiki\/index.php?rest_route=\/wp\/v2\/pages\/19\/revisions"}],"predecessor-version":[{"id":27,"href":"https:\/\/www.dossierkorupcija.com\/wiki\/index.php?rest_route=\/wp\/v2\/pages\/19\/revisions\/27"}],"wp:attachment":[{"href":"https:\/\/www.dossierkorupcija.com\/wiki\/index.php?rest_route=%2Fwp%2Fv2%2Fmedia&parent=19"}],"curies":[{"name":"wp","href":"https:\/\/api.w.org\/{rel}","templated":true}]}}