{"id":20,"date":"2011-12-12T07:48:36","date_gmt":"2011-12-12T07:48:36","guid":{"rendered":"http:\/\/localhost\/wordpress\/?p=20"},"modified":"2011-12-12T07:48:36","modified_gmt":"2011-12-12T07:48:36","slug":"o-wiki-dossier-korupcija","status":"publish","type":"page","link":"https:\/\/www.dossierkorupcija.com\/wiki\/","title":{"rendered":"O Wiki Dossier korupcija"},"content":{"rendered":"<p><span lang=\"SL\">Na Dossier korupcija smo ponovno o\u017eiveli na\u0161o rubriko Wiki Dossier korupcija, ki smo jo javnosti predstavili na za\u010detku leta 2007 (januarja 2007). Gre za projekt, ki smo ga imeli na platformi Wikipedia, ki pa smo ga zaradi tehni\u010dnih te\u017eav (izjemen spam) pred \u010dasom zaprli. Sedaj smo projekt ponovno o\u017eivili na novi platformi. Ime smo ohranili.<\/span><\/p>\n<p><span lang=\"SL\">Zadeve so trenutno precej zastarele, saj se nana\u0161ajo na \u010das do leta 2007. Bomo pa sproti podajali nove informacije in ustrezno preurejali stran. Stran bo zato nekaj \u010dasa v &#8220;delovni obliki&#8221;. \u010cez \u010das pa bo ob novih posodobitvah dobila svojo kon\u010dno podobo in dodatno vsebino.<br \/><\/span><\/p>\n<p><span lang=\"SL\">Spodaj podajamo tekst iz januarja 2007, ki smo ga ustrezno posodobili. <\/span><\/p>\n<p><em><span lang=\"SL\">Na Dossier korupcija smo se odlo\u010dili ustvariti nov projekt, ki ga imamo v mislih \u017ee kar nekaj \u010dasa, a ga do sedaj zaradi pomanjkanja \u010dasa nismo za\u010deli. Gre za projekt grajenja teoreti\u010dne informacijske baze o korupciji, predvsem kar zadeva Slovenijo. S tem, ko smo rekli teoreti\u010dne, smo jasno dali vedeti, da na tem mestu ne bodo posamezni primeri korupcije. V ta namen imamo rubriko Dossier korupcija Novice in pa Forume Dossier korupcija.<\/span> <\/em><\/p>\n<p><em><span lang=\"SL\">Kar zadeva projekt smo kar nekaj \u010dasa razmi\u0161ljali, kako naj ga implementiramo, skozi katero orodje, potem smo pa \u010disto po naklju\u010dju med brskanjem pri\u0161li do ideje, da bi lahko bazo podatkov implementirali na na\u010din povezovanja dokumentov skozi klju\u010dne besede v tekstu (ki jih spremenimo v linke in nato ti linki vodijo na nove tekste). Ko smo dobili to idejo, smo se takoj spomnili na Wikipedio, internetno enciklopedijo in sii rekli, da bomo uporabili prav to kot na\u0161e orodje za ustvarjanje baze podatkov. V ta namen smo instalirali ustrezno orodje na stre\u017enik (skript za Wikimedio) in vzpostavili projekt Wiki Dossier korupcija. <\/span><\/em><\/p>\n<p><em><span lang=\"SL\">Sistem smo preizkusili in lahko povemo, da smo zaenkrat zelo zadovoljni. <\/span><\/em><\/p>\n<p><em><span lang=\"SL\">Na\u0161a \u017eelja oziroma cilj je postati najbogatej\u0161i vir informacij o korupciji (me\u0161anica med bazo podatkov in portalom), ki bo zajemal predvsem teoreti\u010dne podatke o korupciji, ki bodo zanimivi vsem, ki bodo potrebovali te podatke, ali pa tistim, ki bodo pisali tekste ali publikacije na temo korupcija. Tega projekta se bomo lotili z vso vnemo. <\/span><\/em><\/p>\n<p><em><span lang=\"SL\">Upamo, da se bo na\u0161 projekt prijel in da bomo \u010dez \u010das res postali najve\u010dja zbirka teoreti\u010dnih informacij o korupciji, vsaj za podro\u010dje Slovenije. Bistvo Wiki Dossier korupcije je, da se bodo informacije vseskozi nadgrajevale, tako da bo ta vir informacij z dnevom v dan bogatej\u0161i in obse\u017enej\u0161i. <\/span><\/em><\/p>\n<p><em><span lang=\"SL\">Bralce ponovno opozarjamo, da gre pri Wiki Dossier korupcija predvsem za zbirko teoreti\u010dnih informacij. Za vse druge informacije pa naj kliknejo na stran <a href=\"..\/\">https:\/\/www.dossierkorupcija.com<\/a>.<\/span><\/em><\/p>\n<p><span lang=\"SL\"><br \/><\/span><\/p>\n<p><span lang=\"SL\">Opozarjamo, da gre za tekst iz leta 2007. Sedaj je Wiki Dossier korupcija na novi platformi in ne ve\u010d na platformi Wikimedia. Dodatno je potrebno posodobiti vsebino, sploh v nekaterih delih (recimo pri zakonodaji, ki se je v tem \u010dasu precej spremenila).<br \/><\/span><\/p>\n","protected":false},"excerpt":{"rendered":"<p>Na Dossier korupcija smo ponovno o\u017eiveli na\u0161o rubriko Wiki Dossier korupcija, ki smo jo javnosti predstavili na za\u010detku leta 2007 (januarja 2007). Gre za projekt, ki smo ga imeli na platformi Wikipedia, ki pa smo ga zaradi tehni\u010dnih te\u017eav (izjemen spam) pred \u010dasom zaprli. Sedaj smo projekt ponovno o\u017eivili na novi platformi. Ime smo ohranili. &hellip; <a href=\"https:\/\/www.dossierkorupcija.com\/wiki\/\" class=\"more-link\">Preberi ve\u010d<span class=\"screen-reader-text\"> &#8220;O Wiki Dossier korupcija&#8221;<\/span><\/a><\/p>\n","protected":false},"author":1,"featured_media":0,"parent":0,"menu_order":0,"comment_status":"open","ping_status":"open","template":"","meta":[],"_links":{"self":[{"href":"https:\/\/www.dossierkorupcija.com\/wiki\/index.php?rest_route=\/wp\/v2\/pages\/20"}],"collection":[{"href":"https:\/\/www.dossierkorupcija.com\/wiki\/index.php?rest_route=\/wp\/v2\/pages"}],"about":[{"href":"https:\/\/www.dossierkorupcija.com\/wiki\/index.php?rest_route=\/wp\/v2\/types\/page"}],"author":[{"embeddable":true,"href":"https:\/\/www.dossierkorupcija.com\/wiki\/index.php?rest_route=\/wp\/v2\/users\/1"}],"replies":[{"embeddable":true,"href":"https:\/\/www.dossierkorupcija.com\/wiki\/index.php?rest_route=%2Fwp%2Fv2%2Fcomments&post=20"}],"version-history":[{"count":0,"href":"https:\/\/www.dossierkorupcija.com\/wiki\/index.php?rest_route=\/wp\/v2\/pages\/20\/revisions"}],"wp:attachment":[{"href":"https:\/\/www.dossierkorupcija.com\/wiki\/index.php?rest_route=%2Fwp%2Fv2%2Fmedia&parent=20"}],"curies":[{"name":"wp","href":"https:\/\/api.w.org\/{rel}","templated":true}]}}