{"id":21,"date":"2011-12-12T16:21:26","date_gmt":"2011-12-12T16:21:26","guid":{"rendered":"http:\/\/localhost\/wordpress\/?p=21"},"modified":"2011-12-12T16:21:26","modified_gmt":"2011-12-12T16:21:26","slug":"tuje-ustanove-za-boj-proti-korupciji","status":"publish","type":"page","link":"https:\/\/www.dossierkorupcija.com\/wiki\/?page_id=21","title":{"rendered":"Tuje ustanove proti korupciji"},"content":{"rendered":"<p><span lang=\"SL\">Na tej strani bomo opozorili na tuje ustanove, pomembne za boj proti korupciji.<\/span><\/p>\n<div align=\"center\">\n<hr width=\"100%\" size=\"2\" \/><\/div>\n<ul type=\"disc\">\n<li><strong>Tuje ustanove za boj proti korupciji<\/strong><\/li>\n<\/ul>\n<div align=\"center\">\n<hr width=\"100%\" size=\"2\" \/><\/div>\n<p>\u00a0<\/p>\n<p><span lang=\"SL\"><a href=\"https:\/\/www.transparency.org\/\" title=\"https:\/\/www.transparency.org\">Transparency International<\/a> <\/span><\/p>\n<p>\u00a0<\/p>\n<p><span lang=\"SL\"><a href=\"https:\/\/www.unodc.org\/unodc\/en\/corruption\/index.html\" title=\"https:\/\/www.unodc.org\/unodc\/corruption.html\">Zdru\u017eeni narodi (Urad za droge in kriminal)<\/a><\/span><\/p>\n<p>\u00a0<\/p>\n<p><span lang=\"SL\"><a href=\"https:\/\/www.oecd.org\/topic\/0,2686,en_2649_37447_1_1_1_1_37447,00.html\" title=\"https:\/\/www.oecd.org\/topic\/0,2686,en_2649_37447_1_1_1_1_37447,00.html\">Organizacija za ekonomsko sodelovanje in razvoj (OECD)<\/a> <\/span><\/p>\n<p>\u00a0<\/p>\n<p><span lang=\"SL\"><a href=\"https:\/\/www.oas.org\/juridico\/english\/fightcur.html\" title=\"https:\/\/www.oas.org\/juridico\/english\/fightcur.html\">Organizacija ameri\u0161kih dr\u017eav &#8211; OAS (Oddelek za zunanje pravne zadeve)<\/a> <\/span><\/p>\n<p>\u00a0<\/p>\n<p><span lang=\"SL\"><a href=\"https:\/\/www.interpol.int\/Crime-areas\/Corruption\/Corruption\" title=\"https:\/\/www.interpol.int\/Public\/Corruption\/IGEC\/Default.asp\">Interpolova skupina strokovnjakov za boj proti korupciji (IGEC)<\/a> <\/span><\/p>\n<p>\u00a0<\/p>\n<p><span lang=\"SL\"><a href=\"https:\/\/www.worldbank.org\/wbi\/governance\/\" title=\"https:\/\/www.worldbank.org\/wbi\/governance\/\">Svetovna banka<\/a> <\/span><\/p>\n<p>\u00a0<\/p>\n<p><span lang=\"SL\"><a href=\"https:\/\/www.imf.org\/external\/np\/gov\/guide\/eng\/index.htm\" title=\"https:\/\/www.imf.org\/external\/np\/gov\/guide\/eng\/index.htm\">Mednarodni denarni sklad (IMF, MDS)<\/a> <\/span><\/p>\n<p>\u00a0<\/p>\n<p><span lang=\"SL\"><a href=\"https:\/\/www.coe.int\/t\/dg1\/LegalCooperation\/Default_en.asp\" title=\"https:\/\/www.coe.int\/t\/dg1\/LegalCooperation\/Default_en.asp\">Svet Evrope<\/a> <\/span><\/p>\n<p style=\"padding-left: 30px;\">&#8211;\u00a0 <span lang=\"SL\"><a href=\"https:\/\/www.coe.int\/t\/dg1\/Greco\/\" title=\"https:\/\/www.coe.int\/t\/dg1\/Greco\/\">Skupina dr\u017eav proti korupciji (GRECO)<\/a><\/span><\/p>\n<p>\u00a0<\/p>\n<p><span lang=\"SL\"><a href=\"https:\/\/europa.eu\/pol\/fraud\/index_sl.htm\" title=\"https:\/\/europa.eu\/pol\/fraud\/index_sl.htm\">Evropska unija<\/a> <\/span><\/p>\n<p style=\"padding-left: 30px;\">&#8211; <a href=\"https:\/\/ec.europa.eu\/anti_fraud\/index_en.html\" title=\"https:\/\/ec.europa.eu\/anti_fraud\/index_en.html\">Urad za boj proti goljufijam, OLAF<\/a><\/p>\n<p style=\"padding-left: 30px;\"><span lang=\"SL\">&#8211; Evropsko sodi\u0161\u010de za za\u0161\u010dito finan\u010dnih interesov <\/span><\/p>\n<p style=\"padding-left: 30px;\">&#8211; <span lang=\"SL\">Evropsko to\u017eilstvo za za\u0161\u010dito finan\u010dnih interesov EU <\/span><\/p>\n<p>\u00a0<a href=\"https:\/\/www.uskok.hr\/\">Dr\u017eavno odvjetni\u0161tvo: Ured za suzbijanje korupcije i organiziranog kriminaliteta<\/a><\/p>\n","protected":false},"excerpt":{"rendered":"<p>Na tej strani bomo opozorili na tuje ustanove, pomembne za boj proti korupciji. Tuje ustanove za boj proti korupciji \u00a0 Transparency International \u00a0 Zdru\u017eeni narodi (Urad za droge in kriminal) \u00a0 Organizacija za ekonomsko sodelovanje in razvoj (OECD) \u00a0 Organizacija ameri\u0161kih dr\u017eav &#8211; OAS (Oddelek za zunanje pravne zadeve) \u00a0 Interpolova skupina strokovnjakov za boj &hellip; <a href=\"https:\/\/www.dossierkorupcija.com\/wiki\/?page_id=21\" class=\"more-link\">Preberi ve\u010d<span class=\"screen-reader-text\"> &#8220;Tuje ustanove proti korupciji&#8221;<\/span><\/a><\/p>\n","protected":false},"author":1,"featured_media":0,"parent":0,"menu_order":0,"comment_status":"open","ping_status":"open","template":"","meta":[],"_links":{"self":[{"href":"https:\/\/www.dossierkorupcija.com\/wiki\/index.php?rest_route=\/wp\/v2\/pages\/21"}],"collection":[{"href":"https:\/\/www.dossierkorupcija.com\/wiki\/index.php?rest_route=\/wp\/v2\/pages"}],"about":[{"href":"https:\/\/www.dossierkorupcija.com\/wiki\/index.php?rest_route=\/wp\/v2\/types\/page"}],"author":[{"embeddable":true,"href":"https:\/\/www.dossierkorupcija.com\/wiki\/index.php?rest_route=\/wp\/v2\/users\/1"}],"replies":[{"embeddable":true,"href":"https:\/\/www.dossierkorupcija.com\/wiki\/index.php?rest_route=%2Fwp%2Fv2%2Fcomments&post=21"}],"version-history":[{"count":0,"href":"https:\/\/www.dossierkorupcija.com\/wiki\/index.php?rest_route=\/wp\/v2\/pages\/21\/revisions"}],"wp:attachment":[{"href":"https:\/\/www.dossierkorupcija.com\/wiki\/index.php?rest_route=%2Fwp%2Fv2%2Fmedia&parent=21"}],"curies":[{"name":"wp","href":"https:\/\/api.w.org\/{rel}","templated":true}]}}