{"id":6,"date":"2011-12-11T20:09:09","date_gmt":"2011-12-11T20:09:09","guid":{"rendered":"http:\/\/localhost\/wordpress\/?p=6"},"modified":"2021-08-26T22:16:27","modified_gmt":"2021-08-26T22:16:27","slug":"uvodni-tekst","status":"publish","type":"page","link":"https:\/\/www.dossierkorupcija.com\/wiki\/?page_id=6","title":{"rendered":"Uvodni tekst"},"content":{"rendered":"<p><span lang=\"SL\">Wiki Dossier korupcija je namenjena zbiranju gradiva in teksta na temo korupcija. Gre predvsem za teoreti\u010dne tekste, ki bodo v pomo\u010d pri razumevanju pojma korupcija in vseh pojmov povezanih s tem. Stran je za\u010dasno v poskusni fazi, je pa \u017ee sedaj precej bogata z informacijami. Poleg te strani ne pozabite tudi na obse\u017eno zbirko v rubriki Gradivo o korupciji. Wiki Dossier korupcija se bo sproti nadgrajevala in izpopolnjevala. <\/span><\/p>\n<p><span lang=\"SL\"><br \/>Za za\u010detek podajamo vsebino na\u0161ega teksta s spletne strani Dossier korupcija &#8211; Definicija korupcije (napisano leta 2001). <\/span><\/p>\n<p><span lang=\"SL\"><br \/>KORUPCIJA -e \u017e [lat. Corruptio]: <\/span><\/p>\n<p><span lang=\"SL\">Kvarjenje, najve\u010d nravi (tudi tekstov ipd.); ponarejanje listin, zlasti <\/span><\/p>\n<p><span lang=\"SL\">nravna pokvarjenost; nepo\u0161tenost; (pod)kupljivost; podkupovanje, npr. politikov; korupcijski -a -o ki se ti\u010de korupcije <\/span><\/p>\n<p><span lang=\"SL\"><br \/>KORUPCIONIST -a m [angl. Corruptionist] <\/span><\/p>\n<p><span lang=\"SL\">kdor \u0161iri korupcijo (npr. sprejema ali daje podkupnino), zlasti v javnem \u017eivljenju <\/span><\/p>\n<p><span lang=\"SL\"><br \/>KORUPTEN -tna -o [lat. Corruptus] <\/span><\/p>\n<p><span lang=\"SL\">pokvarjen, (nravno) izprijen; podkupljiv; koruptnost -i \u017e pokvarjenost, izprijenost; (pod)kupljivost <\/span><\/p>\n<p><span lang=\"SL\">Torej, korupcija ne pomeni le podkupljivosti, temve\u010d tudi pokvarjenost, nravno izprijenost. Vsakdo, ki sku\u0161a sebi koristiti na na\u010din, ki je nemoralen, neeti\u010den, je koruptiven. Sama korupcija, ki zajema podkupovanje je velik problem, a ni edini. Velikokrat pozabljamo, da je korupcija tudi delovanje prek zvez (prijateljske ali dru\u017einske zveze). Ni nujno, da pri korupciji vedno pride do dajanja mitov (mito=podkupnina), korupcija ima lahko tudi druge motive. Npr. nekdo bo pomagal nekomu glede kak\u0161ne zadeve, ker je tudi sam vpleten v to in ho\u010de vse prikriti (to je motiv prepre\u010ditve izgube ugleda, ki je zelo pogost v politiki, pravosodju in v drugih javnih funkcijah, kjer ljudi zelo skrbi, da si ne uma\u017eejo lastnega imena, v kolikor se izve za kak\u0161no \u010drno liso v njihovem \u017eivljenju (npr. razne nepravilnosti ali zloraba polo\u017eaja itd.) Zato postanejo \u0161e dodatno koruptivni zaradi korupcije in nemoralnih ali kaznivih dejanj, ki so jo izvajali prej. <\/span><\/p>\n<p><span lang=\"SL\"><br \/>Korupcijo so definirali tudi drugi. Na naslednji stran je povezava do razli\u010dnih definicij korupcije razli\u010dne definicije korupcije. <a href=\"https:\/\/www.dossierkorupcija.com\/wiki\/?p=7\">Razli\u010dne definicije korupcije<\/a>. <\/span><\/p>\n<p><span lang=\"SL\">\u00a0<\/span><\/p>\n<div align=\"center\">\n<hr width=\"100%\" size=\"2\" \/><\/div>\n<p><span lang=\"SL\">Definicija korupcije bi bila zelo nepopolna, \u010de ne bi omenili tudi razli\u010dne vrste korupcije. Vrste korupcije bomo na\u0161teli na posebni strani. <a href=\"https:\/\/www.dossierkorupcija.com\/wiki\/?p=8\">Vrste korupcije<\/a>. <\/span><\/p>\n<div align=\"center\">\n<hr width=\"100%\" size=\"2\" \/><\/div>\n<p><span lang=\"SL\">Ne smemo pozabiti tudi na Ustanove, pomembne\u00a0za\u00a0prepre\u010devanje\u00a0korupcije, tako <a href=\"index.php\/domace-ustanove-proti-korupciji\">doma\u010de<\/a> kot <a href=\"index.php\/domace-ustanove-proti-korupciji\">tuje<\/a>.<\/span><\/p>\n","protected":false},"excerpt":{"rendered":"<p>Wiki Dossier korupcija je namenjena zbiranju gradiva in teksta na temo korupcija. Gre predvsem za teoreti\u010dne tekste, ki bodo v pomo\u010d pri razumevanju pojma korupcija in vseh pojmov povezanih s tem. Stran je za\u010dasno v poskusni fazi, je pa \u017ee sedaj precej bogata z informacijami. Poleg te strani ne pozabite tudi na obse\u017eno zbirko v &hellip; <a href=\"https:\/\/www.dossierkorupcija.com\/wiki\/?page_id=6\" class=\"more-link\">Preberi ve\u010d<span class=\"screen-reader-text\"> &#8220;Uvodni tekst&#8221;<\/span><\/a><\/p>\n","protected":false},"author":1,"featured_media":0,"parent":0,"menu_order":2,"comment_status":"open","ping_status":"open","template":"","meta":[],"_links":{"self":[{"href":"https:\/\/www.dossierkorupcija.com\/wiki\/index.php?rest_route=\/wp\/v2\/pages\/6"}],"collection":[{"href":"https:\/\/www.dossierkorupcija.com\/wiki\/index.php?rest_route=\/wp\/v2\/pages"}],"about":[{"href":"https:\/\/www.dossierkorupcija.com\/wiki\/index.php?rest_route=\/wp\/v2\/types\/page"}],"author":[{"embeddable":true,"href":"https:\/\/www.dossierkorupcija.com\/wiki\/index.php?rest_route=\/wp\/v2\/users\/1"}],"replies":[{"embeddable":true,"href":"https:\/\/www.dossierkorupcija.com\/wiki\/index.php?rest_route=%2Fwp%2Fv2%2Fcomments&post=6"}],"version-history":[{"count":1,"href":"https:\/\/www.dossierkorupcija.com\/wiki\/index.php?rest_route=\/wp\/v2\/pages\/6\/revisions"}],"predecessor-version":[{"id":22,"href":"https:\/\/www.dossierkorupcija.com\/wiki\/index.php?rest_route=\/wp\/v2\/pages\/6\/revisions\/22"}],"wp:attachment":[{"href":"https:\/\/www.dossierkorupcija.com\/wiki\/index.php?rest_route=%2Fwp%2Fv2%2Fmedia&parent=6"}],"curies":[{"name":"wp","href":"https:\/\/api.w.org\/{rel}","templated":true}]}}