{"id":7,"date":"2011-12-11T20:22:38","date_gmt":"2011-12-11T20:22:38","guid":{"rendered":"http:\/\/localhost\/wordpress\/?p=7"},"modified":"2021-08-26T22:16:32","modified_gmt":"2021-08-26T22:16:32","slug":"razlicne-definicije-korupcije","status":"publish","type":"page","link":"https:\/\/www.dossierkorupcija.com\/wiki\/?page_id=7","title":{"rendered":"Razli\u010dne definicije korupcije"},"content":{"rendered":"<p><span lang=\"SL\">Tu podajamo razli\u010dne definicije korupcije poleg na\u0161e za\u010detne in osnovne, ki smo jo podali v <a href=\"https:\/\/www.dossierkorupcija.com\/wiki\/?p=6\">uvodnem tekstu<\/a> na Wiki Dossier korupcija. <\/span><\/p>\n<p>\u00a0<\/p>\n<div align=\"center\">\n<hr width=\"100%\" size=\"2\" \/><\/div>\n<p>\u00a0<\/p>\n<p><strong><span lang=\"SL\">Uradna definicija korupcije v Sloveniji<\/span><\/strong><\/p>\n<p>\u00a0<\/p>\n<p><span lang=\"SL\"><a title=\"https:\/\/www.kpk-rs.si\/index.php?id=30\">Resolucija proti korupciji Republike Slovenije<\/a> le to definira tako: <\/span><\/p>\n<p>\u00a0<\/p>\n<p><span lang=\"SL\">II. DEFINICIJA KORUPCIJE <\/span><\/p>\n<p>\u00a0<\/p>\n<p><span lang=\"SL\"><br \/> Korupcija, kot jo razume Resolucija, je, skladno z dolo\u010dbami Zakona o prepre\u010devanju korupcije (Uradni list RS, \u0161t. 2\/04), definirana na naslednji na\u010din: Korupcija je vsaka kr\u0161itev dol\u017enega ravnanja uradnih oziroma odgovornih oseb v javnem ali zasebnem sektorju, kot tudi ravnanje oseb, ki so pobudniki kr\u0161itev, ali oseb, ki se s kr\u0161itvijo lahko okoristijo, zaradi neposredno ali posredno obljubljene, ponujene ali dane oziroma zahtevane, sprejete ali pri\u010dakovane koristi zase ali za drugega. <\/span><\/p>\n<p>\u00a0<\/p>\n<p><span lang=\"SL\"><br \/> Pod pojmom\u00a0\u00bbvsaka kr\u0161itev\u00ab\u00a0razumemo vse oblike ravnanj, tako storitve kot opustitve. Gre za ravnanja v javnem in zasebnem sektorju ter tudi na podro\u010djih, ki jih ne moremo uvrstiti v javni ali zasebni sektor oziroma tam, kjer meja med obema sferama ni jasna in to\u010dno dolo\u010dena. Glede kr\u0161itev velja na\u010delo univerzalnosti, tako da so koruptivna ravnanja mo\u017ena v lastni dr\u017eavi ali tujini.\u00a0\u00bbDol\u017eno ravnanje\u00ab\u00a0je ravnanje, kot ga dolo\u010dajo s strani dr\u017eave sprejeti zakonski in podzakonski predpisi ter zapisani kodeksi ravnanja v poslovnih ali poklicnih zdru\u017eenjih.\u00a0\u00bbUradne osebe\u00ab\u00a0so osebe, ki so kot tak\u0161ne dolo\u010dene v Kazenskem zakoniku (Uradni list RS, \u0161t. 63\/94, 70\/94-popr., 23\/99, 40\/04).\u00a0\u00bbOdgovorne osebe\u00ab\u00a0so osebe, ki so s predpisom, aktom pristojnega organa ali po naravi nalog, ki jih opravljajo, poobla\u0161\u010dene za sprejemanje odlo\u010ditev ali za dolo\u010deno ukrepanje oziroma ravnanje, med drugim so to tudi \u010dlani vodstvenih ali nadzornih organov v pravnih osebah, ne glede na strukturo lastni\u0161tva, ter tudi samostojni podjetniki in obrtniki.\u00a0\u00bbZasebni sektor\u00ab\u00a0predstavljajo vsa podro\u010dja, ki ne sodijo v definicijo\u00a0\u00bbjavnega sektorja\u00ab, kot ga dolo\u010da Zakon o javnih uslu\u017ebencih (Uradni list RS, \u0161t. 56\/02). Na\u010din storitve je lahko neposreden ali posreden.\u00a0\u00bbPosreden na\u010din\u00ab\u00a0pomeni, da je korist na aktivni strani (tisti, ki podkupuje) obljubljena, ponujena ali dana preko tretje osebe, na pasivni strani, torej na strani podkupljenega, pa preko tretje osebe zahtevana ali sprejeta, pri \u010demer pojem\u00a0\u00bbosebe\u00ab\u00a0zajema pravne in fizi\u010dne osebe. S\u00a0\u00bbpri\u010dakovano koristjo\u00ab\u00a0imamo opraviti, ko oseba pri\u010dakuje za dejanje dolo\u010deno korist, pri tem pa ni nujno, da bi bila obljuba koristi vnaprej izre\u010dena.\u00a0\u00bbKorist\u00ab\u00a0je lahko premo\u017eenjska, pri \u010demer njena oblika, vrednost oziroma vi\u0161ina niso pomembne, ali pa nepremo\u017eenjska, pri \u010demer tudi njena vrsta, oblika oziroma vsebina niso pomembne. Pri vseh ravnanjih, ki jih dojemamo kot koruptivna, je bistven\u00a0\u00bbkoruptivni namen\u00ab. O tak\u0161nem namenu govorimo, ko je kr\u0161itev storjena v pri\u010dakovanju obljubljene, ponujene ali dane koristi na aktivni strani ali zaradi zahtevane, sprejete ali le pri\u010dakovane koristi na pasivni strani. Potrebno je uveljaviti ni\u010delno toleranco, kjer so nesprejemljiva vsa koruptivna dejanja. Tudi ve\u010d majhnih tovrstnih dejanj vpliva na ru\u0161enje prava in na mo\u017enosti za pojav \u0161e huj\u0161ih oblik kr\u0161itev. Mo\u017eno je tudi, da je koruptivni namen usmerjen k pridobivanju koristi za koga drugega, ne zase. Pri tem je\u00a0\u00bbdrugi\u00ab\u00a0vsaka pravna ali fizi\u010dna oseba, ki ni oseba, ki je storila kr\u0161itev, ki ustreza predstavljeni definiciji. <\/span><\/p>\n<p>\u00a0<\/p>\n<div align=\"center\">\n<hr width=\"100%\" size=\"2\" \/><\/div>\n<p>\u00a0<\/p>\n<p><strong><span lang=\"SL\">Definicija korupcije po svetovni banki<\/span><\/strong><\/p>\n<p>\u00a0<\/p>\n<p><span lang=\"SL\">&#8220;Corruption is the abuse of public office for private gain.&#8221; <\/span><\/p>\n<p>\u00a0<\/p>\n<div align=\"center\">\n<hr width=\"100%\" size=\"2\" \/><\/div>\n<p>\u00a0<\/p>\n<p><strong><span lang=\"SL\">SLO:<\/span><\/strong><span lang=\"SL\"> &#8220;Korupcija predstavlja zlorabo javnih pooblastil za pridobitev osebne koristi.&#8221; <\/span><\/p>\n<p>\u00a0<\/p>\n<div align=\"center\">\n<hr width=\"100%\" size=\"2\" \/><\/div>\n<p>\u00a0<\/p>\n<p><strong><span lang=\"SL\">Definicija korupcije v Civilnopravni konvenciji o korupciji<\/span><\/strong><\/p>\n<p>\u00a0<\/p>\n<p><span lang=\"SL\">For the purpose of this Convention, &#8220;corruption&#8221; means requesting, offering, giving or accepting, directly or indirectly, a bribe or any other undue advantage or prospect thereof, which distorts the proper performance of any duty or behaviour required of the recipient of the bribe, the undue advantage or the prospect thereof. <\/span><\/p>\n<p>\u00a0<\/p>\n<p><strong><span lang=\"SL\">SLO:<\/span><\/strong><span lang=\"SL\"> &#8220;Za namen te konvencije &#8220;korupcija&#8221; pomeni neposredno ali posredno terjanje, ponujanje, dajanje ali sprejemanje podkupnine ali katere koli druge nedovoljene koristi ali obljubo le-te, ki moti pravilno opravljanje dol\u017enosti ali ravnanje, zahtevano od prejemnika podkupnine, nedovoljene koristi ali obljube le-te.&#8221; <\/span><\/p>\n<p>\u00a0<\/p>\n<div align=\"center\">\n<hr width=\"100%\" size=\"2\" \/><\/div>\n<p>\u00a0<\/p>\n<p><strong><span lang=\"SL\">Definicija korupcije po Transparency Internarnational:<\/span><\/strong><\/p>\n<p>\u00a0<\/p>\n<p><span lang=\"SL\">&#8220;Corruption is the abuse of public office for private gain.&#8221; <\/span><\/p>\n<p>\u00a0<\/p>\n<p><strong><span lang=\"SL\">SLO:<\/span><\/strong><span lang=\"SL\"> &#8220;Korupcija je zloraba polo\u017eaja za pridobitev lastne koristi.&#8221; <\/span><\/p>\n<p>\u00a0<\/p>\n<div align=\"center\">\n<hr width=\"100%\" size=\"2\" \/><\/div>\n<p>\u00a0<\/p>\n<p><strong><span lang=\"SL\">Definicija korupcije v Zdru\u017eenih narodih<\/span><\/strong><\/p>\n<p>\u00a0<\/p>\n<p><span lang=\"SL\">Ta definicija je sledila definiciji po Svetovni banki in Transparency International. <\/span><\/p>\n<p>\u00a0<\/p>\n<p><span lang=\"SL\">&#8220;Corruption is the behaviour of private individuals or public officials who deviate from set responsibilities and use their position of power in order to serve private ends and secure private gains.&#8221; (Lebanon Anti-Corruption Initiative Report, 1999).&#8221; <\/span><\/p>\n<p>\u00a0<\/p>\n<p><span lang=\"SL\"><br \/> <strong>SLO:<\/strong> &#8220;Korupcija je obna\u0161anje zasebnih ali javnih uradnikov, ki odstopa od nabora odgovornosti in zlorablja polo\u017eaj mo\u010di, z namenom slu\u017eiti zasebnim ciljem in si priskrbeti zasebno korist.&#8221; <\/span><\/p>\n<hr \/>\n<p>Kar zadeva definicijo korupcije, naj bralce napotimo \u0161e na pomembno stran Komisije za prepre\u010devanje korupcije Republike Slovenije in njeno definicijo korupcije. To je pomemben dodatek, saj je potrebno vedeti, da se lahko vsi ljudje, ki so v dvomih o tem, ali je kak\u0161no dejanje korupcija ali ne, obrnejo na to komisijo, ki je, lahko bi rekli, uradna skrbnica definicije korupcije, kar zadeva pravno ureditev Republike Slovenije. Od te definicije so v veliki meri odvisni tudi pravni postopki. Skratka. Definicijo korupcije po Komisiji za prepre\u010devanje korupcije najdete <a href=\"https:\/\/www.kpk-rs.si\/sl\/korupcija-integriteta-in-etika\">tukaj<\/a>.<\/p>\n<p>\u00a0<\/p>\n<div align=\"center\">\n<hr width=\"100%\" size=\"2\" \/>\n<div style=\"text-align: left;\" align=\"center\"><span lang=\"SL\">Na za\u010detku omenjena strategija proti korupciji je le ena v nizu zakonodaje proti korupciji, sprejete v Sloveniji. <a href=\"https:\/\/www.dossierkorupcija.com\/wiki\/?p=18\">Slovenska zakonodaja proti korupciji<\/a>. <\/span><\/div>\n<\/div>\n<p>\u00a0<\/p>\n","protected":false},"excerpt":{"rendered":"<p>Tu podajamo razli\u010dne definicije korupcije poleg na\u0161e za\u010detne in osnovne, ki smo jo podali v uvodnem tekstu na Wiki Dossier korupcija. \u00a0 \u00a0 Uradna definicija korupcije v Sloveniji \u00a0 Resolucija proti korupciji Republike Slovenije le to definira tako: \u00a0 II. DEFINICIJA KORUPCIJE \u00a0 Korupcija, kot jo razume Resolucija, je, skladno z dolo\u010dbami Zakona o prepre\u010devanju &hellip; <a href=\"https:\/\/www.dossierkorupcija.com\/wiki\/?page_id=7\" class=\"more-link\">Preberi ve\u010d<span class=\"screen-reader-text\"> &#8220;Razli\u010dne definicije korupcije&#8221;<\/span><\/a><\/p>\n","protected":false},"author":1,"featured_media":0,"parent":0,"menu_order":3,"comment_status":"open","ping_status":"open","template":"","meta":[],"_links":{"self":[{"href":"https:\/\/www.dossierkorupcija.com\/wiki\/index.php?rest_route=\/wp\/v2\/pages\/7"}],"collection":[{"href":"https:\/\/www.dossierkorupcija.com\/wiki\/index.php?rest_route=\/wp\/v2\/pages"}],"about":[{"href":"https:\/\/www.dossierkorupcija.com\/wiki\/index.php?rest_route=\/wp\/v2\/types\/page"}],"author":[{"embeddable":true,"href":"https:\/\/www.dossierkorupcija.com\/wiki\/index.php?rest_route=\/wp\/v2\/users\/1"}],"replies":[{"embeddable":true,"href":"https:\/\/www.dossierkorupcija.com\/wiki\/index.php?rest_route=%2Fwp%2Fv2%2Fcomments&post=7"}],"version-history":[{"count":1,"href":"https:\/\/www.dossierkorupcija.com\/wiki\/index.php?rest_route=\/wp\/v2\/pages\/7\/revisions"}],"predecessor-version":[{"id":23,"href":"https:\/\/www.dossierkorupcija.com\/wiki\/index.php?rest_route=\/wp\/v2\/pages\/7\/revisions\/23"}],"wp:attachment":[{"href":"https:\/\/www.dossierkorupcija.com\/wiki\/index.php?rest_route=%2Fwp%2Fv2%2Fmedia&parent=7"}],"curies":[{"name":"wp","href":"https:\/\/api.w.org\/{rel}","templated":true}]}}