{"id":9,"date":"2011-12-12T07:06:13","date_gmt":"2011-12-12T07:06:13","guid":{"rendered":"http:\/\/localhost\/wordpress\/?p=9"},"modified":"2011-12-12T07:06:13","modified_gmt":"2011-12-12T07:06:13","slug":"ustanove-proti-korupciji","status":"publish","type":"page","link":"https:\/\/www.dossierkorupcija.com\/wiki\/?page_id=9","title":{"rendered":"Doma\u010de stanove, pomembne za prepre\u010devanje korupcije"},"content":{"rendered":"<p><span lang=\"SL\">Na tej strani bomo opozorili na doma\u010de ustanove, pomembne za boj proti korupciji. <\/span><\/p>\n<p>\u00a0<\/p>\n<div align=\"center\">\n<hr width=\"100%\" size=\"2\" \/><\/div>\n<ul type=\"disc\">\n<li><strong>Doma\u010de ustanove za boj proti korupciji<\/strong><\/li>\n<\/ul>\n<div align=\"center\">\n<hr width=\"100%\" size=\"2\" \/><\/div>\n<p>\u00a0<\/p>\n<p><span lang=\"SL\">Na tem mestu bomo najprej omenili tudi na\u0161o stran, ki sicer ni ustanova, je pa pomembna pri boju zoper korupcijo: <\/span><\/p>\n<p>\u00a0<\/p>\n<p><span lang=\"SL\"><a href=\"..\/\" title=\"https:\/\/www.dossierkorupcija.com\">Dossier korupcija<\/a> <\/span><\/p>\n<p>\u00a0<\/p>\n<p><span lang=\"SL\"><br \/> <a href=\"https:\/\/www.kpk-rs.si\/\" title=\"https:\/\/www.kpk-rs.si\">Komisija za prepre\u010devanje korupcije<\/a> <\/span><\/p>\n<p>\u00a0<\/p>\n<ul type=\"disc\">\n<li><span lang=\"SL\">Urad za prepre\u010devanje korupcije <\/span><\/li>\n<li><span lang=\"SL\">Parlamentarna komisija po zakonu o prepre\u010devanju korupcije <\/span><\/li>\n<li><span lang=\"SL\">Parlamentarna komisija po zakonu o nezdru\u017eljivosti opravljanja javne funkcije s pridobitno dejavnostjo <\/span><\/li>\n<\/ul>\n<p>\u00a0<\/p>\n<p><span lang=\"SL\"><br \/> <a href=\"https:\/\/www.gov.si\/uppd\/slov\/index.htm\" title=\"https:\/\/www.gov.si\/uppd\/slov\/index.htm\">Urad za prepre\u010devanje pranja denarja<\/a> <\/span><\/p>\n<p>\u00a0<\/p>\n<p><span lang=\"SL\"><br \/> <a href=\"https:\/\/www.policija.si\/\" title=\"https:\/\/www.policija.si\">Policija<\/a>. Pri Policiji Slovenije \u0161e posebej opozarjamo na oddelek Generalne policijske uprave za pregon gospodarskega kriminala, znotraj katerega deluje tudi oddelek za pregon kaznivih dejanj korupcije. <\/span><\/p>\n<p>\u00a0<\/p>\n<p><span lang=\"SL\"><br \/> <strong>Pravosodni sistem: <\/strong><\/span><\/p>\n<p>\u00a0<\/p>\n<ul type=\"disc\">\n<li><span lang=\"SL\"><a href=\"https:\/\/www.dt-rs.si\/\" title=\"https:\/\/www.dt-rs.si\/\">Dr\u017eavno to\u017eilstvo<\/a>. Pri dr\u017eavnem to\u017eilstvu \u0161e posebej opozarjamo na Posebno skupino dr\u017eavnih to\u017eilcev, specializirano za pregon organiziranega kriminala in med drugim tudi korupcije. <\/span><\/li>\n<\/ul>\n<p>\u00a0<\/p>\n<ul type=\"disc\">\n<li><span lang=\"SL\"><a href=\"https:\/\/www.sodisce.si\/\" title=\"https:\/\/www.sodisce.si\">Sodstvo<\/a> <\/span><\/li>\n<\/ul>\n<p>\u00a0<\/p>\n<ul type=\"disc\">\n<li><span lang=\"SL\"><a href=\"https:\/\/www.rs-rs.si\/\" title=\"https:\/\/www.rs-rs.si\/\">Ra\u010dunsko sodi\u0161\u010de<\/a> <\/span><\/li>\n<\/ul>\n<p>\u00a0<\/p>\n<p><span lang=\"SL\"><br \/> <a href=\"https:\/\/www.sigov.si\/dkom\/\" title=\"https:\/\/www.sigov.si\/dkom\/\">Dr\u017eavna revizijska komisija po zakonu o javnih naro\u010dilih<\/a> <\/span><\/p>\n<p>\u00a0<\/p>\n<p><span lang=\"SL\"><br \/> <a href=\"https:\/\/www.si-revizija.si\/\" title=\"https:\/\/www.si-revizija.si\/\">Slovenski in\u0161titut za revizijo<\/a> <\/span><\/p>\n<p>\u00a0<\/p>\n<p><span lang=\"SL\"><br \/> <a href=\"https:\/\/www.ip-rs.si\/index.php\" title=\"https:\/\/www.ip-rs.si\/index.php\">Informacijski poobla\u0161\u010denec<\/a><\/span><\/p>\n<p>\u00a0<\/p>\n","protected":false},"excerpt":{"rendered":"<p>Na tej strani bomo opozorili na doma\u010de ustanove, pomembne za boj proti korupciji. \u00a0 Doma\u010de ustanove za boj proti korupciji \u00a0 Na tem mestu bomo najprej omenili tudi na\u0161o stran, ki sicer ni ustanova, je pa pomembna pri boju zoper korupcijo: \u00a0 Dossier korupcija \u00a0 Komisija za prepre\u010devanje korupcije \u00a0 Urad za prepre\u010devanje korupcije Parlamentarna &hellip; <a href=\"https:\/\/www.dossierkorupcija.com\/wiki\/?page_id=9\" class=\"more-link\">Preberi ve\u010d<span class=\"screen-reader-text\"> &#8220;Doma\u010de stanove, pomembne za prepre\u010devanje korupcije&#8221;<\/span><\/a><\/p>\n","protected":false},"author":1,"featured_media":0,"parent":0,"menu_order":4,"comment_status":"open","ping_status":"open","template":"","meta":[],"_links":{"self":[{"href":"https:\/\/www.dossierkorupcija.com\/wiki\/index.php?rest_route=\/wp\/v2\/pages\/9"}],"collection":[{"href":"https:\/\/www.dossierkorupcija.com\/wiki\/index.php?rest_route=\/wp\/v2\/pages"}],"about":[{"href":"https:\/\/www.dossierkorupcija.com\/wiki\/index.php?rest_route=\/wp\/v2\/types\/page"}],"author":[{"embeddable":true,"href":"https:\/\/www.dossierkorupcija.com\/wiki\/index.php?rest_route=\/wp\/v2\/users\/1"}],"replies":[{"embeddable":true,"href":"https:\/\/www.dossierkorupcija.com\/wiki\/index.php?rest_route=%2Fwp%2Fv2%2Fcomments&post=9"}],"version-history":[{"count":0,"href":"https:\/\/www.dossierkorupcija.com\/wiki\/index.php?rest_route=\/wp\/v2\/pages\/9\/revisions"}],"wp:attachment":[{"href":"https:\/\/www.dossierkorupcija.com\/wiki\/index.php?rest_route=%2Fwp%2Fv2%2Fmedia&parent=9"}],"curies":[{"name":"wp","href":"https:\/\/api.w.org\/{rel}","templated":true}]}}